{"id":3794,"date":"2024-05-27T14:36:55","date_gmt":"2024-05-27T12:36:55","guid":{"rendered":"https:\/\/hydriawater.com\/hydria-water-service-check\/"},"modified":"2024-12-18T13:53:41","modified_gmt":"2024-12-18T12:53:41","slug":"hydria-water-service-check","status":"publish","type":"page","link":"https:\/\/hydriawater.com\/no\/hydria-water-service-check\/","title":{"rendered":"Hydria Water Service Check"},"content":{"rendered":"\t\t<div data-elementor-type=\"wp-page\" data-elementor-id=\"3794\" class=\"elementor elementor-3794 elementor-3236\" data-elementor-post-type=\"page\">\n\t\t\t\t<div class=\"elementor-element elementor-element-ed786d5 e-flex e-con-boxed e-con e-parent\" data-id=\"ed786d5\" data-element_type=\"container\" data-settings=\"{&quot;background_background&quot;:&quot;classic&quot;}\">\n\t\t\t\t\t<div class=\"e-con-inner\">\n\t\t\t\t<div class=\"elementor-element elementor-element-69a29c45 elementor-widget elementor-widget-heading\" data-id=\"69a29c45\" data-element_type=\"widget\" data-widget_type=\"heading.default\">\n\t\t\t\t<div class=\"elementor-widget-container\">\n\t\t\t\t\t<h2 class=\"elementor-heading-title elementor-size-default\">Hydria Water Service Kontroll<\/h2>\t\t\t\t<\/div>\n\t\t\t\t<\/div>\n\t\t\t\t\t<\/div>\n\t\t\t\t<\/div>\n\t\t<div class=\"elementor-element elementor-element-1caa362d e-flex e-con-boxed e-con e-parent\" data-id=\"1caa362d\" data-element_type=\"container\">\n\t\t\t\t\t<div class=\"e-con-inner\">\n\t\t\t\t<div class=\"elementor-element elementor-element-3a1e0f8d elementor-widget elementor-widget-text-editor\" data-id=\"3a1e0f8d\" data-element_type=\"widget\" data-widget_type=\"text-editor.default\">\n\t\t\t\t<div class=\"elementor-widget-container\">\n\t\t\t\t\t\t\t\t\t<p>Med Hydria Waters Service sjekk er det enkelt \u00e5 v\u00e6re proaktiv og forebygge problemer i den mekaniske vannrenseprosessen. V\u00e5re serviceteknikere tilpasser alltid kontrollen etter deres spesifikke behov og anlegg.<\/p>\n\t\t\t\t\t\t\t\t<\/div>\n\t\t\t\t<\/div>\n\t\t\t\t\t<\/div>\n\t\t\t\t<\/div>\n\t\t<div class=\"elementor-element elementor-element-5ec8640b e-flex e-con-boxed e-con e-parent\" data-id=\"5ec8640b\" data-element_type=\"container\">\n\t\t\t\t\t<div class=\"e-con-inner\">\n\t\t<div class=\"elementor-element elementor-element-429ea66 e-flex e-con-boxed e-con e-child\" data-id=\"429ea66\" data-element_type=\"container\" data-settings=\"{&quot;background_background&quot;:&quot;classic&quot;}\">\n\t\t\t\t\t<div class=\"e-con-inner\">\n\t\t\t\t<div class=\"elementor-element elementor-element-2748da3d elementor-widget elementor-widget-heading\" data-id=\"2748da3d\" data-element_type=\"widget\" data-widget_type=\"heading.default\">\n\t\t\t\t<div class=\"elementor-widget-container\">\n\t\t\t\t\t<h2 class=\"elementor-heading-title elementor-size-default\">Fordeler<\/h2>\t\t\t\t<\/div>\n\t\t\t\t<\/div>\n\t\t\t\t<div class=\"elementor-element elementor-element-54663e40 elementor-widget elementor-widget-text-editor\" data-id=\"54663e40\" data-element_type=\"widget\" data-widget_type=\"text-editor.default\">\n\t\t\t\t<div class=\"elementor-widget-container\">\n\t\t\t\t\t\t\t\t\t<p>\u2022 Reduserer antall akutte driftsstans<br \/>\n\u2022 \u00d8ker levetiden p\u00e5 maskinene<br \/>\n\u2022 Regelmessig kontroll gir tidlige indikasjoner p\u00e5 maskinenes tilstand<br \/>\n\u2022 Kontinuerlige r\u00e5d om forbedringsmuligheter<\/p>\n\t\t\t\t\t\t\t\t<\/div>\n\t\t\t\t<\/div>\n\t\t\t\t\t<\/div>\n\t\t\t\t<\/div>\n\t\t\t\t\t<\/div>\n\t\t\t\t<\/div>\n\t\t<div class=\"elementor-element elementor-element-17dc82ee e-flex e-con-boxed e-con e-parent\" data-id=\"17dc82ee\" data-element_type=\"container\">\n\t\t\t\t\t<div class=\"e-con-inner\">\n\t\t<div class=\"elementor-element elementor-element-2c066f55 e-con-full e-flex e-con e-child\" data-id=\"2c066f55\" data-element_type=\"container\">\n\t\t\t\t<div class=\"elementor-element elementor-element-53f2a5c3 elementor-widget elementor-widget-image\" data-id=\"53f2a5c3\" data-element_type=\"widget\" data-widget_type=\"image.default\">\n\t\t\t\t<div class=\"elementor-widget-container\">\n\t\t\t\t\t\t\t\t\t\t\t\t\t\t\t<img fetchpriority=\"high\" decoding=\"async\" width=\"800\" height=\"534\" src=\"https:\/\/hydriawater.com\/wp-content\/uploads\/2024\/08\/forlang_maskinernas_livslangd_1920x1280-1024x683.jpg\" class=\"attachment-large size-large wp-image-3796\" alt=\"\" srcset=\"https:\/\/hydriawater.com\/wp-content\/uploads\/2024\/08\/forlang_maskinernas_livslangd_1920x1280-1024x683.jpg 1024w, https:\/\/hydriawater.com\/wp-content\/uploads\/2024\/08\/forlang_maskinernas_livslangd_1920x1280-300x200.jpg 300w, https:\/\/hydriawater.com\/wp-content\/uploads\/2024\/08\/forlang_maskinernas_livslangd_1920x1280-768x512.jpg 768w, https:\/\/hydriawater.com\/wp-content\/uploads\/2024\/08\/forlang_maskinernas_livslangd_1920x1280-1536x1024.jpg 1536w, https:\/\/hydriawater.com\/wp-content\/uploads\/2024\/08\/forlang_maskinernas_livslangd_1920x1280.jpg 1920w\" sizes=\"(max-width: 800px) 100vw, 800px\" \/>\t\t\t\t\t\t\t\t\t\t\t\t\t\t\t<\/div>\n\t\t\t\t<\/div>\n\t\t\t\t<\/div>\n\t\t<div class=\"elementor-element elementor-element-272b83f7 e-con-full e-flex e-con e-child\" data-id=\"272b83f7\" data-element_type=\"container\">\n\t\t\t\t<div class=\"elementor-element elementor-element-734fc220 elementor-widget elementor-widget-heading\" data-id=\"734fc220\" data-element_type=\"widget\" data-widget_type=\"heading.default\">\n\t\t\t\t<div class=\"elementor-widget-container\">\n\t\t\t\t\t<h2 class=\"elementor-heading-title elementor-size-default\">Forleng maskinenes levetid<\/h2>\t\t\t\t<\/div>\n\t\t\t\t<\/div>\n\t\t\t\t<div class=\"elementor-element elementor-element-d985b58 elementor-widget elementor-widget-text-editor\" data-id=\"d985b58\" data-element_type=\"widget\" data-widget_type=\"text-editor.default\">\n\t\t\t\t<div class=\"elementor-widget-container\">\n\t\t\t\t\t\t\t\t\t<p>Like viktig som det er \u00e5 ha moderne maskiner tilpasset oppgavene de skal utf\u00f8re, er det \u00e5 utf\u00f8re regelmessige kontroller av dem.<\/p>\n\t\t\t\t\t\t\t\t<\/div>\n\t\t\t\t<\/div>\n\t\t\t\t<\/div>\n\t\t\t\t\t<\/div>\n\t\t\t\t<\/div>\n\t\t<div class=\"elementor-element elementor-element-6c71b8e8 e-flex e-con-boxed e-con e-parent\" data-id=\"6c71b8e8\" data-element_type=\"container\">\n\t\t\t\t\t<div class=\"e-con-inner\">\n\t\t\t\t<div class=\"elementor-element elementor-element-55b2dcfc elementor-widget-divider--view-line elementor-widget elementor-widget-divider\" data-id=\"55b2dcfc\" data-element_type=\"widget\" data-widget_type=\"divider.default\">\n\t\t\t\t<div class=\"elementor-widget-container\">\n\t\t\t\t\t\t\t<div class=\"elementor-divider\">\n\t\t\t<span class=\"elementor-divider-separator\">\n\t\t\t\t\t\t<\/span>\n\t\t<\/div>\n\t\t\t\t\t\t<\/div>\n\t\t\t\t<\/div>\n\t\t\t\t\t<\/div>\n\t\t\t\t<\/div>\n\t\t<div class=\"elementor-element elementor-element-2eb6b902 e-flex e-con-boxed e-con e-parent\" data-id=\"2eb6b902\" data-element_type=\"container\">\n\t\t\t\t\t<div class=\"e-con-inner\">\n\t\t<div class=\"elementor-element elementor-element-45e0953 e-con-full e-flex e-con e-child\" data-id=\"45e0953\" data-element_type=\"container\">\n\t\t\t\t<div class=\"elementor-element elementor-element-5e32bd75 elementor-widget elementor-widget-heading\" data-id=\"5e32bd75\" data-element_type=\"widget\" data-widget_type=\"heading.default\">\n\t\t\t\t<div class=\"elementor-widget-container\">\n\t\t\t\t\t<h2 class=\"elementor-heading-title elementor-size-default\">Skreddersydd Service Check<\/h2>\t\t\t\t<\/div>\n\t\t\t\t<\/div>\n\t\t\t\t<div class=\"elementor-element elementor-element-c429629 elementor-widget elementor-widget-text-editor\" data-id=\"c429629\" data-element_type=\"widget\" data-widget_type=\"text-editor.default\">\n\t\t\t\t<div class=\"elementor-widget-container\">\n\t\t\t\t\t\t\t\t\t<p>En Service sjekk fra oss skreddersys alltid etter det respektive anlegget. Det betyr at innholdet kan variere avhengig av deres maskinpark.<\/p>\n<p>Noen av komponentene som kan inng\u00e5 er:<\/p>\n\t\t\t\t\t\t\t\t<\/div>\n\t\t\t\t<\/div>\n\t\t\t\t<\/div>\n\t\t<div class=\"elementor-element elementor-element-33d08c25 e-con-full e-flex e-con e-child\" data-id=\"33d08c25\" data-element_type=\"container\">\n\t\t\t\t<div class=\"elementor-element elementor-element-7f2fe984 elementor-widget elementor-widget-image\" data-id=\"7f2fe984\" data-element_type=\"widget\" data-widget_type=\"image.default\">\n\t\t\t\t<div class=\"elementor-widget-container\">\n\t\t\t\t\t\t\t\t\t\t\t\t\t\t\t<img decoding=\"async\" width=\"800\" height=\"534\" src=\"https:\/\/hydriawater.com\/wp-content\/uploads\/2024\/08\/skraddarsydd_service_check_1920x1280-1024x683.jpg\" class=\"attachment-large size-large wp-image-3797\" alt=\"\" srcset=\"https:\/\/hydriawater.com\/wp-content\/uploads\/2024\/08\/skraddarsydd_service_check_1920x1280-1024x683.jpg 1024w, https:\/\/hydriawater.com\/wp-content\/uploads\/2024\/08\/skraddarsydd_service_check_1920x1280-300x200.jpg 300w, https:\/\/hydriawater.com\/wp-content\/uploads\/2024\/08\/skraddarsydd_service_check_1920x1280-768x512.jpg 768w, https:\/\/hydriawater.com\/wp-content\/uploads\/2024\/08\/skraddarsydd_service_check_1920x1280-1536x1024.jpg 1536w, https:\/\/hydriawater.com\/wp-content\/uploads\/2024\/08\/skraddarsydd_service_check_1920x1280.jpg 1920w\" sizes=\"(max-width: 800px) 100vw, 800px\" \/>\t\t\t\t\t\t\t\t\t\t\t\t\t\t\t<\/div>\n\t\t\t\t<\/div>\n\t\t\t\t<\/div>\n\t\t\t\t\t<\/div>\n\t\t\t\t<\/div>\n\t\t<div class=\"elementor-element elementor-element-5f0a7f00 e-flex e-con-boxed e-con e-parent\" data-id=\"5f0a7f00\" data-element_type=\"container\">\n\t\t\t\t\t<div class=\"e-con-inner\">\n\t\t\t\t<div class=\"elementor-element elementor-element-60e8cc31 elementor-widget-divider--view-line elementor-widget elementor-widget-divider\" data-id=\"60e8cc31\" data-element_type=\"widget\" data-widget_type=\"divider.default\">\n\t\t\t\t<div class=\"elementor-widget-container\">\n\t\t\t\t\t\t\t<div class=\"elementor-divider\">\n\t\t\t<span class=\"elementor-divider-separator\">\n\t\t\t\t\t\t<\/span>\n\t\t<\/div>\n\t\t\t\t\t\t<\/div>\n\t\t\t\t<\/div>\n\t\t\t\t\t<\/div>\n\t\t\t\t<\/div>\n\t\t<div class=\"elementor-element elementor-element-2672f945 e-flex e-con-boxed e-con e-parent\" data-id=\"2672f945\" data-element_type=\"container\">\n\t\t\t\t\t<div class=\"e-con-inner\">\n\t\t<div class=\"elementor-element elementor-element-7a937a2a e-con-full e-flex e-con e-child\" data-id=\"7a937a2a\" data-element_type=\"container\">\n\t\t\t\t<div class=\"elementor-element elementor-element-c207dbd elementor-widget elementor-widget-image\" data-id=\"c207dbd\" data-element_type=\"widget\" data-widget_type=\"image.default\">\n\t\t\t\t<div class=\"elementor-widget-container\">\n\t\t\t\t\t\t\t\t\t\t\t\t\t\t\t<img decoding=\"async\" width=\"800\" height=\"534\" src=\"https:\/\/hydriawater.com\/wp-content\/uploads\/2024\/08\/dedikerat_serviceteam_1920x1280-1024x683.jpg\" class=\"attachment-large size-large wp-image-3798\" alt=\"\" srcset=\"https:\/\/hydriawater.com\/wp-content\/uploads\/2024\/08\/dedikerat_serviceteam_1920x1280-1024x683.jpg 1024w, https:\/\/hydriawater.com\/wp-content\/uploads\/2024\/08\/dedikerat_serviceteam_1920x1280-300x200.jpg 300w, https:\/\/hydriawater.com\/wp-content\/uploads\/2024\/08\/dedikerat_serviceteam_1920x1280-768x512.jpg 768w, https:\/\/hydriawater.com\/wp-content\/uploads\/2024\/08\/dedikerat_serviceteam_1920x1280-1536x1024.jpg 1536w, https:\/\/hydriawater.com\/wp-content\/uploads\/2024\/08\/dedikerat_serviceteam_1920x1280.jpg 1920w\" sizes=\"(max-width: 800px) 100vw, 800px\" \/>\t\t\t\t\t\t\t\t\t\t\t\t\t\t\t<\/div>\n\t\t\t\t<\/div>\n\t\t\t\t<\/div>\n\t\t<div class=\"elementor-element elementor-element-501bcb97 e-con-full e-flex e-con e-child\" data-id=\"501bcb97\" data-element_type=\"container\">\n\t\t\t\t<div class=\"elementor-element elementor-element-3c641e10 elementor-widget elementor-widget-heading\" data-id=\"3c641e10\" data-element_type=\"widget\" data-widget_type=\"heading.default\">\n\t\t\t\t<div class=\"elementor-widget-container\">\n\t\t\t\t\t<h2 class=\"elementor-heading-title elementor-size-default\">Dedikert Serviceteam<\/h2>\t\t\t\t<\/div>\n\t\t\t\t<\/div>\n\t\t\t\t<div class=\"elementor-element elementor-element-4e00113c elementor-widget elementor-widget-text-editor\" data-id=\"4e00113c\" data-element_type=\"widget\" data-widget_type=\"text-editor.default\">\n\t\t\t\t<div class=\"elementor-widget-container\">\n\t\t\t\t\t\t\t\t\t<p>DEDIKERT SERVICETEAM<\/p>\n<p>Hos Hydria Water har vi flere dedikerte serviceteam som regelmessig utf\u00f8rer Service, installasjoner og igangsetting av v\u00e5re maskiner over hele Norden.<\/p>\n<p>Takket v\u00e6re at vi eier v\u00e5r produksjon, har vi tilgang til alle reservedeler som skulle beh\u00f8ves, og kan levere dem i forbindelse med kontrollen.<\/p>\n\t\t\t\t\t\t\t\t<\/div>\n\t\t\t\t<\/div>\n\t\t\t\t<\/div>\n\t\t\t\t\t<\/div>\n\t\t\t\t<\/div>\n\t\t\t\t<\/div>\n\t\t","protected":false},"excerpt":{"rendered":"<p>Hydria Water Service Kontroll Med Hydria Waters Service sjekk er det enkelt \u00e5 v\u00e6re proaktiv og forebygge problemer i den mekaniske vannrenseprosessen. V\u00e5re serviceteknikere tilpasser alltid kontrollen etter deres spesifikke behov og anlegg. Fordeler \u2022 Reduserer antall akutte driftsstans \u2022 \u00d8ker levetiden p\u00e5 maskinene \u2022 Regelmessig kontroll gir tidlige indikasjoner p\u00e5 maskinenes tilstand \u2022 Kontinuerlige [&hellip;]<\/p>\n","protected":false},"author":2,"featured_media":0,"parent":0,"menu_order":0,"comment_status":"closed","ping_status":"closed","template":"","meta":{"_acf_changed":false,"footnotes":""},"class_list":["post-3794","page","type-page","status-publish","hentry"],"acf":[],"yoast_head":"<!-- This site is optimized with the Yoast SEO plugin v25.9 - https:\/\/yoast.com\/wordpress\/plugins\/seo\/ -->\n<title>Hydria Water Service Check &#8211; Hydria Water<\/title>\n<meta name=\"robots\" content=\"index, follow, max-snippet:-1, max-image-preview:large, max-video-preview:-1\" \/>\n<link rel=\"canonical\" href=\"https:\/\/hydriawater.com\/no\/hydria-water-service-check\/\" \/>\n<meta property=\"og:locale\" content=\"nb_NO\" \/>\n<meta property=\"og:type\" content=\"article\" \/>\n<meta property=\"og:title\" content=\"Hydria Water Service Check &#8211; Hydria Water\" \/>\n<meta property=\"og:description\" content=\"Hydria Water Service Kontroll Med Hydria Waters Service sjekk er det enkelt \u00e5 v\u00e6re proaktiv og forebygge problemer i den mekaniske vannrenseprosessen. V\u00e5re serviceteknikere tilpasser alltid kontrollen etter deres spesifikke behov og anlegg. Fordeler \u2022 Reduserer antall akutte driftsstans \u2022 \u00d8ker levetiden p\u00e5 maskinene \u2022 Regelmessig kontroll gir tidlige indikasjoner p\u00e5 maskinenes tilstand \u2022 Kontinuerlige [&hellip;]\" \/>\n<meta property=\"og:url\" content=\"https:\/\/hydriawater.com\/no\/hydria-water-service-check\/\" \/>\n<meta property=\"og:site_name\" content=\"Hydria Water\" \/>\n<meta property=\"article:modified_time\" content=\"2024-12-18T12:53:41+00:00\" \/>\n<meta property=\"og:image\" content=\"https:\/\/hydriawater.com\/wp-content\/uploads\/2024\/08\/forlang_maskinernas_livslangd_1920x1280.jpg\" \/>\n\t<meta property=\"og:image:width\" content=\"1920\" \/>\n\t<meta property=\"og:image:height\" content=\"1280\" \/>\n\t<meta property=\"og:image:type\" content=\"image\/jpeg\" \/>\n<meta name=\"twitter:card\" content=\"summary_large_image\" \/>\n<meta name=\"twitter:label1\" content=\"Est. reading time\" \/>\n\t<meta name=\"twitter:data1\" content=\"1 minute\" \/>\n<script type=\"application\/ld+json\" class=\"yoast-schema-graph\">{\"@context\":\"https:\/\/schema.org\",\"@graph\":[{\"@type\":\"WebPage\",\"@id\":\"https:\/\/hydriawater.com\/no\/hydria-water-service-check\/\",\"url\":\"https:\/\/hydriawater.com\/no\/hydria-water-service-check\/\",\"name\":\"Hydria Water Service Check &#8211; Hydria Water\",\"isPartOf\":{\"@id\":\"https:\/\/hydriawater.com\/no\/#website\"},\"primaryImageOfPage\":{\"@id\":\"https:\/\/hydriawater.com\/no\/hydria-water-service-check\/#primaryimage\"},\"image\":{\"@id\":\"https:\/\/hydriawater.com\/no\/hydria-water-service-check\/#primaryimage\"},\"thumbnailUrl\":\"https:\/\/hydriawater.com\/wp-content\/uploads\/2024\/08\/forlang_maskinernas_livslangd_1920x1280-1024x683.jpg\",\"datePublished\":\"2024-05-27T12:36:55+00:00\",\"dateModified\":\"2024-12-18T12:53:41+00:00\",\"breadcrumb\":{\"@id\":\"https:\/\/hydriawater.com\/no\/hydria-water-service-check\/#breadcrumb\"},\"inLanguage\":\"nb-NO\",\"potentialAction\":[{\"@type\":\"ReadAction\",\"target\":[\"https:\/\/hydriawater.com\/no\/hydria-water-service-check\/\"]}]},{\"@type\":\"ImageObject\",\"inLanguage\":\"nb-NO\",\"@id\":\"https:\/\/hydriawater.com\/no\/hydria-water-service-check\/#primaryimage\",\"url\":\"https:\/\/hydriawater.com\/wp-content\/uploads\/2024\/08\/forlang_maskinernas_livslangd_1920x1280-1024x683.jpg\",\"contentUrl\":\"https:\/\/hydriawater.com\/wp-content\/uploads\/2024\/08\/forlang_maskinernas_livslangd_1920x1280-1024x683.jpg\"},{\"@type\":\"BreadcrumbList\",\"@id\":\"https:\/\/hydriawater.com\/no\/hydria-water-service-check\/#breadcrumb\",\"itemListElement\":[{\"@type\":\"ListItem\",\"position\":1,\"name\":\"Hjem\",\"item\":\"https:\/\/hydriawater.com\/no\/\"},{\"@type\":\"ListItem\",\"position\":2,\"name\":\"Hydria Water Service Check\"}]},{\"@type\":\"WebSite\",\"@id\":\"https:\/\/hydriawater.com\/no\/#website\",\"url\":\"https:\/\/hydriawater.com\/no\/\",\"name\":\"Hydria Water\",\"description\":\"\",\"publisher\":{\"@id\":\"https:\/\/hydriawater.com\/no\/#organization\"},\"potentialAction\":[{\"@type\":\"SearchAction\",\"target\":{\"@type\":\"EntryPoint\",\"urlTemplate\":\"https:\/\/hydriawater.com\/no\/?s={search_term_string}\"},\"query-input\":{\"@type\":\"PropertyValueSpecification\",\"valueRequired\":true,\"valueName\":\"search_term_string\"}}],\"inLanguage\":\"nb-NO\"},{\"@type\":\"Organization\",\"@id\":\"https:\/\/hydriawater.com\/no\/#organization\",\"name\":\"Hydria Water AB\",\"url\":\"https:\/\/hydriawater.com\/no\/\",\"logo\":{\"@type\":\"ImageObject\",\"inLanguage\":\"nb-NO\",\"@id\":\"https:\/\/hydriawater.com\/no\/#\/schema\/logo\/image\/\",\"url\":\"https:\/\/hydriawater.com\/wp-content\/uploads\/2023\/05\/hydriawater_logo_neg.png\",\"contentUrl\":\"https:\/\/hydriawater.com\/wp-content\/uploads\/2023\/05\/hydriawater_logo_neg.png\",\"width\":1426,\"height\":399,\"caption\":\"Hydria Water AB\"},\"image\":{\"@id\":\"https:\/\/hydriawater.com\/no\/#\/schema\/logo\/image\/\"}}]}<\/script>\n<!-- \/ Yoast SEO plugin. -->","yoast_head_json":{"title":"Hydria Water Service Check &#8211; Hydria Water","robots":{"index":"index","follow":"follow","max-snippet":"max-snippet:-1","max-image-preview":"max-image-preview:large","max-video-preview":"max-video-preview:-1"},"canonical":"https:\/\/hydriawater.com\/no\/hydria-water-service-check\/","og_locale":"nb_NO","og_type":"article","og_title":"Hydria Water Service Check &#8211; Hydria Water","og_description":"Hydria Water Service Kontroll Med Hydria Waters Service sjekk er det enkelt \u00e5 v\u00e6re proaktiv og forebygge problemer i den mekaniske vannrenseprosessen. V\u00e5re serviceteknikere tilpasser alltid kontrollen etter deres spesifikke behov og anlegg. Fordeler \u2022 Reduserer antall akutte driftsstans \u2022 \u00d8ker levetiden p\u00e5 maskinene \u2022 Regelmessig kontroll gir tidlige indikasjoner p\u00e5 maskinenes tilstand \u2022 Kontinuerlige [&hellip;]","og_url":"https:\/\/hydriawater.com\/no\/hydria-water-service-check\/","og_site_name":"Hydria Water","article_modified_time":"2024-12-18T12:53:41+00:00","og_image":[{"width":1920,"height":1280,"url":"https:\/\/hydriawater.com\/wp-content\/uploads\/2024\/08\/forlang_maskinernas_livslangd_1920x1280.jpg","type":"image\/jpeg"}],"twitter_card":"summary_large_image","twitter_misc":{"Est. reading time":"1 minute"},"schema":{"@context":"https:\/\/schema.org","@graph":[{"@type":"WebPage","@id":"https:\/\/hydriawater.com\/no\/hydria-water-service-check\/","url":"https:\/\/hydriawater.com\/no\/hydria-water-service-check\/","name":"Hydria Water Service Check &#8211; Hydria Water","isPartOf":{"@id":"https:\/\/hydriawater.com\/no\/#website"},"primaryImageOfPage":{"@id":"https:\/\/hydriawater.com\/no\/hydria-water-service-check\/#primaryimage"},"image":{"@id":"https:\/\/hydriawater.com\/no\/hydria-water-service-check\/#primaryimage"},"thumbnailUrl":"https:\/\/hydriawater.com\/wp-content\/uploads\/2024\/08\/forlang_maskinernas_livslangd_1920x1280-1024x683.jpg","datePublished":"2024-05-27T12:36:55+00:00","dateModified":"2024-12-18T12:53:41+00:00","breadcrumb":{"@id":"https:\/\/hydriawater.com\/no\/hydria-water-service-check\/#breadcrumb"},"inLanguage":"nb-NO","potentialAction":[{"@type":"ReadAction","target":["https:\/\/hydriawater.com\/no\/hydria-water-service-check\/"]}]},{"@type":"ImageObject","inLanguage":"nb-NO","@id":"https:\/\/hydriawater.com\/no\/hydria-water-service-check\/#primaryimage","url":"https:\/\/hydriawater.com\/wp-content\/uploads\/2024\/08\/forlang_maskinernas_livslangd_1920x1280-1024x683.jpg","contentUrl":"https:\/\/hydriawater.com\/wp-content\/uploads\/2024\/08\/forlang_maskinernas_livslangd_1920x1280-1024x683.jpg"},{"@type":"BreadcrumbList","@id":"https:\/\/hydriawater.com\/no\/hydria-water-service-check\/#breadcrumb","itemListElement":[{"@type":"ListItem","position":1,"name":"Hjem","item":"https:\/\/hydriawater.com\/no\/"},{"@type":"ListItem","position":2,"name":"Hydria Water Service Check"}]},{"@type":"WebSite","@id":"https:\/\/hydriawater.com\/no\/#website","url":"https:\/\/hydriawater.com\/no\/","name":"Hydria Water","description":"","publisher":{"@id":"https:\/\/hydriawater.com\/no\/#organization"},"potentialAction":[{"@type":"SearchAction","target":{"@type":"EntryPoint","urlTemplate":"https:\/\/hydriawater.com\/no\/?s={search_term_string}"},"query-input":{"@type":"PropertyValueSpecification","valueRequired":true,"valueName":"search_term_string"}}],"inLanguage":"nb-NO"},{"@type":"Organization","@id":"https:\/\/hydriawater.com\/no\/#organization","name":"Hydria Water AB","url":"https:\/\/hydriawater.com\/no\/","logo":{"@type":"ImageObject","inLanguage":"nb-NO","@id":"https:\/\/hydriawater.com\/no\/#\/schema\/logo\/image\/","url":"https:\/\/hydriawater.com\/wp-content\/uploads\/2023\/05\/hydriawater_logo_neg.png","contentUrl":"https:\/\/hydriawater.com\/wp-content\/uploads\/2023\/05\/hydriawater_logo_neg.png","width":1426,"height":399,"caption":"Hydria Water AB"},"image":{"@id":"https:\/\/hydriawater.com\/no\/#\/schema\/logo\/image\/"}}]}},"_links":{"self":[{"href":"https:\/\/hydriawater.com\/no\/wp-json\/wp\/v2\/pages\/3794","targetHints":{"allow":["GET"]}}],"collection":[{"href":"https:\/\/hydriawater.com\/no\/wp-json\/wp\/v2\/pages"}],"about":[{"href":"https:\/\/hydriawater.com\/no\/wp-json\/wp\/v2\/types\/page"}],"author":[{"embeddable":true,"href":"https:\/\/hydriawater.com\/no\/wp-json\/wp\/v2\/users\/2"}],"replies":[{"embeddable":true,"href":"https:\/\/hydriawater.com\/no\/wp-json\/wp\/v2\/comments?post=3794"}],"version-history":[{"count":3,"href":"https:\/\/hydriawater.com\/no\/wp-json\/wp\/v2\/pages\/3794\/revisions"}],"predecessor-version":[{"id":4115,"href":"https:\/\/hydriawater.com\/no\/wp-json\/wp\/v2\/pages\/3794\/revisions\/4115"}],"wp:attachment":[{"href":"https:\/\/hydriawater.com\/no\/wp-json\/wp\/v2\/media?parent=3794"}],"curies":[{"name":"wp","href":"https:\/\/api.w.org\/{rel}","templated":true}]}}