{"id":3800,"date":"2023-05-23T11:52:47","date_gmt":"2023-05-23T09:52:47","guid":{"rendered":"https:\/\/hydriawater.com\/karriere\/"},"modified":"2024-09-06T15:25:20","modified_gmt":"2024-09-06T13:25:20","slug":"karriere","status":"publish","type":"page","link":"https:\/\/hydriawater.com\/no\/karriere\/","title":{"rendered":"Karriere"},"content":{"rendered":"\t\t<div data-elementor-type=\"wp-page\" data-elementor-id=\"3800\" class=\"elementor elementor-3800 elementor-23\" data-elementor-post-type=\"page\">\n\t\t\t\t<div class=\"elementor-element elementor-element-6d168cd e-flex e-con-boxed e-con e-parent\" data-id=\"6d168cd\" data-element_type=\"container\">\n\t\t\t\t\t<div class=\"e-con-inner\">\n\t\t\t\t<div class=\"elementor-element elementor-element-51d0041 elementor-widget elementor-widget-heading\" data-id=\"51d0041\" data-element_type=\"widget\" data-widget_type=\"heading.default\">\n\t\t\t\t<div class=\"elementor-widget-container\">\n\t\t\t\t\t<h2 class=\"elementor-heading-title elementor-size-default\">Karriere<\/h2>\t\t\t\t<\/div>\n\t\t\t\t<\/div>\n\t\t<div class=\"elementor-element elementor-element-f71eb90 e-flex e-con-boxed e-con e-child\" data-id=\"f71eb90\" data-element_type=\"container\" data-settings=\"{&quot;background_background&quot;:&quot;classic&quot;}\">\n\t\t\t\t\t<div class=\"e-con-inner\">\n\t\t\t\t\t<\/div>\n\t\t\t\t<\/div>\n\t\t\t\t\t<\/div>\n\t\t\t\t<\/div>\n\t\t<div class=\"elementor-element elementor-element-5bfff91 e-flex e-con-boxed e-con e-parent\" data-id=\"5bfff91\" data-element_type=\"container\">\n\t\t\t\t\t<div class=\"e-con-inner\">\n\t\t\t\t<div class=\"elementor-element elementor-element-8bb8e97 elementor-widget elementor-widget-heading\" data-id=\"8bb8e97\" data-element_type=\"widget\" data-widget_type=\"heading.default\">\n\t\t\t\t<div class=\"elementor-widget-container\">\n\t\t\t\t\t<h2 class=\"elementor-heading-title elementor-size-default\">Jobb hos oss<\/h2>\t\t\t\t<\/div>\n\t\t\t\t<\/div>\n\t\t\t\t<div class=\"elementor-element elementor-element-62f2888 elementor-widget elementor-widget-text-editor\" data-id=\"62f2888\" data-element_type=\"widget\" data-widget_type=\"text-editor.default\">\n\t\t\t\t<div class=\"elementor-widget-container\">\n\t\t\t\t\t\t\t\t\t<p>Vil du v\u00e6re en del av et team som jobber for \u00e5 omdanne avl\u00f8psvann til ressurser? Trives du i et m\u00e5lrettet og sosialt milj\u00f8? V\u00e5rt hovedkontor og produksjonsanlegg ligger i Viared, like utenfor Bor\u00e5s. Her ser vi kontinuerlig etter nye kolleger som \u00f8nsker \u00e5 v\u00e6re en aktiv del av v\u00e5r utvikling. Om det ikke er noen ledig stilling som passer deg akkurat n\u00e5, er du alltid velkommen til \u00e5 sende en \u00e5pen s\u00f8knad til rekrytering@hydriawater.se.<\/p>\n\t\t\t\t\t\t\t\t<\/div>\n\t\t\t\t<\/div>\n\t\t\t\t<div class=\"elementor-element elementor-element-a3e21c1 elementor-widget elementor-widget-heading\" data-id=\"a3e21c1\" data-element_type=\"widget\" data-widget_type=\"heading.default\">\n\t\t\t\t<div class=\"elementor-widget-container\">\n\t\t\t\t\t<h2 class=\"elementor-heading-title elementor-size-default\">Vi s\u00f8ker akkurat n\u00e5<\/h2>\t\t\t\t<\/div>\n\t\t\t\t<\/div>\n\t\t\t\t<div class=\"elementor-element elementor-element-d5be1b3 elementor-widget elementor-widget-text-editor\" data-id=\"d5be1b3\" data-element_type=\"widget\" data-widget_type=\"text-editor.default\">\n\t\t\t\t<div class=\"elementor-widget-container\">\n\t\t\t\t\t\t\t\t\t<p>Det er dessverre ingen ledige stillinger for \u00f8yeblikket.<\/p>\n\t\t\t\t\t\t\t\t<\/div>\n\t\t\t\t<\/div>\n\t\t\t\t\t<\/div>\n\t\t\t\t<\/div>\n\t\t\t\t<\/div>\n\t\t","protected":false},"excerpt":{"rendered":"<p>Karriere Jobb hos oss Vil du v\u00e6re en del av et team som jobber for \u00e5 omdanne avl\u00f8psvann til ressurser? Trives du i et m\u00e5lrettet og sosialt milj\u00f8? V\u00e5rt hovedkontor og produksjonsanlegg ligger i Viared, like utenfor Bor\u00e5s. Her ser vi kontinuerlig etter nye kolleger som \u00f8nsker \u00e5 v\u00e6re en aktiv del av v\u00e5r utvikling. [&hellip;]<\/p>\n","protected":false},"author":1,"featured_media":0,"parent":0,"menu_order":0,"comment_status":"closed","ping_status":"closed","template":"","meta":{"_acf_changed":false,"footnotes":""},"class_list":["post-3800","page","type-page","status-publish","hentry"],"acf":[],"yoast_head":"<!-- This site is optimized with the Yoast SEO plugin v25.9 - https:\/\/yoast.com\/wordpress\/plugins\/seo\/ -->\n<title>Karriere &#8211; Hydria Water<\/title>\n<meta name=\"robots\" content=\"index, follow, max-snippet:-1, max-image-preview:large, max-video-preview:-1\" \/>\n<link rel=\"canonical\" href=\"https:\/\/hydriawater.com\/no\/karriere\/\" \/>\n<meta property=\"og:locale\" content=\"nb_NO\" \/>\n<meta property=\"og:type\" content=\"article\" \/>\n<meta property=\"og:title\" content=\"Karriere &#8211; Hydria Water\" \/>\n<meta property=\"og:description\" content=\"Karriere Jobb hos oss Vil du v\u00e6re en del av et team som jobber for \u00e5 omdanne avl\u00f8psvann til ressurser? Trives du i et m\u00e5lrettet og sosialt milj\u00f8? V\u00e5rt hovedkontor og produksjonsanlegg ligger i Viared, like utenfor Bor\u00e5s. Her ser vi kontinuerlig etter nye kolleger som \u00f8nsker \u00e5 v\u00e6re en aktiv del av v\u00e5r utvikling. [&hellip;]\" \/>\n<meta property=\"og:url\" content=\"https:\/\/hydriawater.com\/no\/karriere\/\" \/>\n<meta property=\"og:site_name\" content=\"Hydria Water\" \/>\n<meta property=\"article:modified_time\" content=\"2024-09-06T13:25:20+00:00\" \/>\n<meta name=\"twitter:card\" content=\"summary_large_image\" \/>\n<script type=\"application\/ld+json\" class=\"yoast-schema-graph\">{\"@context\":\"https:\/\/schema.org\",\"@graph\":[{\"@type\":\"WebPage\",\"@id\":\"https:\/\/hydriawater.com\/no\/karriere\/\",\"url\":\"https:\/\/hydriawater.com\/no\/karriere\/\",\"name\":\"Karriere &#8211; Hydria Water\",\"isPartOf\":{\"@id\":\"https:\/\/hydriawater.com\/no\/#website\"},\"datePublished\":\"2023-05-23T09:52:47+00:00\",\"dateModified\":\"2024-09-06T13:25:20+00:00\",\"breadcrumb\":{\"@id\":\"https:\/\/hydriawater.com\/no\/karriere\/#breadcrumb\"},\"inLanguage\":\"nb-NO\",\"potentialAction\":[{\"@type\":\"ReadAction\",\"target\":[\"https:\/\/hydriawater.com\/no\/karriere\/\"]}]},{\"@type\":\"BreadcrumbList\",\"@id\":\"https:\/\/hydriawater.com\/no\/karriere\/#breadcrumb\",\"itemListElement\":[{\"@type\":\"ListItem\",\"position\":1,\"name\":\"Hjem\",\"item\":\"https:\/\/hydriawater.com\/no\/\"},{\"@type\":\"ListItem\",\"position\":2,\"name\":\"Karriere\"}]},{\"@type\":\"WebSite\",\"@id\":\"https:\/\/hydriawater.com\/no\/#website\",\"url\":\"https:\/\/hydriawater.com\/no\/\",\"name\":\"Hydria Water\",\"description\":\"\",\"publisher\":{\"@id\":\"https:\/\/hydriawater.com\/no\/#organization\"},\"potentialAction\":[{\"@type\":\"SearchAction\",\"target\":{\"@type\":\"EntryPoint\",\"urlTemplate\":\"https:\/\/hydriawater.com\/no\/?s={search_term_string}\"},\"query-input\":{\"@type\":\"PropertyValueSpecification\",\"valueRequired\":true,\"valueName\":\"search_term_string\"}}],\"inLanguage\":\"nb-NO\"},{\"@type\":\"Organization\",\"@id\":\"https:\/\/hydriawater.com\/no\/#organization\",\"name\":\"Hydria Water AB\",\"url\":\"https:\/\/hydriawater.com\/no\/\",\"logo\":{\"@type\":\"ImageObject\",\"inLanguage\":\"nb-NO\",\"@id\":\"https:\/\/hydriawater.com\/no\/#\/schema\/logo\/image\/\",\"url\":\"https:\/\/hydriawater.com\/wp-content\/uploads\/2023\/05\/hydriawater_logo_neg.png\",\"contentUrl\":\"https:\/\/hydriawater.com\/wp-content\/uploads\/2023\/05\/hydriawater_logo_neg.png\",\"width\":1426,\"height\":399,\"caption\":\"Hydria Water AB\"},\"image\":{\"@id\":\"https:\/\/hydriawater.com\/no\/#\/schema\/logo\/image\/\"}}]}<\/script>\n<!-- \/ Yoast SEO plugin. -->","yoast_head_json":{"title":"Karriere &#8211; Hydria Water","robots":{"index":"index","follow":"follow","max-snippet":"max-snippet:-1","max-image-preview":"max-image-preview:large","max-video-preview":"max-video-preview:-1"},"canonical":"https:\/\/hydriawater.com\/no\/karriere\/","og_locale":"nb_NO","og_type":"article","og_title":"Karriere &#8211; Hydria Water","og_description":"Karriere Jobb hos oss Vil du v\u00e6re en del av et team som jobber for \u00e5 omdanne avl\u00f8psvann til ressurser? Trives du i et m\u00e5lrettet og sosialt milj\u00f8? V\u00e5rt hovedkontor og produksjonsanlegg ligger i Viared, like utenfor Bor\u00e5s. Her ser vi kontinuerlig etter nye kolleger som \u00f8nsker \u00e5 v\u00e6re en aktiv del av v\u00e5r utvikling. [&hellip;]","og_url":"https:\/\/hydriawater.com\/no\/karriere\/","og_site_name":"Hydria Water","article_modified_time":"2024-09-06T13:25:20+00:00","twitter_card":"summary_large_image","schema":{"@context":"https:\/\/schema.org","@graph":[{"@type":"WebPage","@id":"https:\/\/hydriawater.com\/no\/karriere\/","url":"https:\/\/hydriawater.com\/no\/karriere\/","name":"Karriere &#8211; Hydria Water","isPartOf":{"@id":"https:\/\/hydriawater.com\/no\/#website"},"datePublished":"2023-05-23T09:52:47+00:00","dateModified":"2024-09-06T13:25:20+00:00","breadcrumb":{"@id":"https:\/\/hydriawater.com\/no\/karriere\/#breadcrumb"},"inLanguage":"nb-NO","potentialAction":[{"@type":"ReadAction","target":["https:\/\/hydriawater.com\/no\/karriere\/"]}]},{"@type":"BreadcrumbList","@id":"https:\/\/hydriawater.com\/no\/karriere\/#breadcrumb","itemListElement":[{"@type":"ListItem","position":1,"name":"Hjem","item":"https:\/\/hydriawater.com\/no\/"},{"@type":"ListItem","position":2,"name":"Karriere"}]},{"@type":"WebSite","@id":"https:\/\/hydriawater.com\/no\/#website","url":"https:\/\/hydriawater.com\/no\/","name":"Hydria Water","description":"","publisher":{"@id":"https:\/\/hydriawater.com\/no\/#organization"},"potentialAction":[{"@type":"SearchAction","target":{"@type":"EntryPoint","urlTemplate":"https:\/\/hydriawater.com\/no\/?s={search_term_string}"},"query-input":{"@type":"PropertyValueSpecification","valueRequired":true,"valueName":"search_term_string"}}],"inLanguage":"nb-NO"},{"@type":"Organization","@id":"https:\/\/hydriawater.com\/no\/#organization","name":"Hydria Water AB","url":"https:\/\/hydriawater.com\/no\/","logo":{"@type":"ImageObject","inLanguage":"nb-NO","@id":"https:\/\/hydriawater.com\/no\/#\/schema\/logo\/image\/","url":"https:\/\/hydriawater.com\/wp-content\/uploads\/2023\/05\/hydriawater_logo_neg.png","contentUrl":"https:\/\/hydriawater.com\/wp-content\/uploads\/2023\/05\/hydriawater_logo_neg.png","width":1426,"height":399,"caption":"Hydria Water AB"},"image":{"@id":"https:\/\/hydriawater.com\/no\/#\/schema\/logo\/image\/"}}]}},"_links":{"self":[{"href":"https:\/\/hydriawater.com\/no\/wp-json\/wp\/v2\/pages\/3800","targetHints":{"allow":["GET"]}}],"collection":[{"href":"https:\/\/hydriawater.com\/no\/wp-json\/wp\/v2\/pages"}],"about":[{"href":"https:\/\/hydriawater.com\/no\/wp-json\/wp\/v2\/types\/page"}],"author":[{"embeddable":true,"href":"https:\/\/hydriawater.com\/no\/wp-json\/wp\/v2\/users\/1"}],"replies":[{"embeddable":true,"href":"https:\/\/hydriawater.com\/no\/wp-json\/wp\/v2\/comments?post=3800"}],"version-history":[{"count":1,"href":"https:\/\/hydriawater.com\/no\/wp-json\/wp\/v2\/pages\/3800\/revisions"}],"predecessor-version":[{"id":3801,"href":"https:\/\/hydriawater.com\/no\/wp-json\/wp\/v2\/pages\/3800\/revisions\/3801"}],"wp:attachment":[{"href":"https:\/\/hydriawater.com\/no\/wp-json\/wp\/v2\/media?parent=3800"}],"curies":[{"name":"wp","href":"https:\/\/api.w.org\/{rel}","templated":true}]}}