{"id":3819,"date":"2024-05-27T13:58:14","date_gmt":"2024-05-27T11:58:14","guid":{"rendered":"https:\/\/hydriawater.com\/kort-om-oss\/"},"modified":"2024-12-18T14:11:41","modified_gmt":"2024-12-18T13:11:41","slug":"kort-om-oss","status":"publish","type":"page","link":"https:\/\/hydriawater.com\/no\/kort-om-oss\/","title":{"rendered":"Kort om oss"},"content":{"rendered":"\t\t<div data-elementor-type=\"wp-page\" data-elementor-id=\"3819\" class=\"elementor elementor-3819 elementor-3195\" data-elementor-post-type=\"page\">\n\t\t\t\t<div class=\"elementor-element elementor-element-70a36a74 e-flex e-con-boxed e-con e-parent\" data-id=\"70a36a74\" data-element_type=\"container\" data-settings=\"{&quot;background_background&quot;:&quot;classic&quot;}\">\n\t\t\t\t\t<div class=\"e-con-inner\">\n\t\t\t\t<div class=\"elementor-element elementor-element-703144a7 elementor-widget elementor-widget-heading\" data-id=\"703144a7\" data-element_type=\"widget\" data-widget_type=\"heading.default\">\n\t\t\t\t<div class=\"elementor-widget-container\">\n\t\t\t\t\t<h2 class=\"elementor-heading-title elementor-size-default\">KORT OM OSS<\/h2>\t\t\t\t<\/div>\n\t\t\t\t<\/div>\n\t\t\t\t<div class=\"elementor-element elementor-element-52af4752 elementor-widget elementor-widget-heading\" data-id=\"52af4752\" data-element_type=\"widget\" data-widget_type=\"heading.default\">\n\t\t\t\t<div class=\"elementor-widget-container\">\n\t\t\t\t\t<h2 class=\"elementor-heading-title elementor-size-default\">VI OMFORMER AVL\u00d8PSVANN TIL EN RESSURS<\/h2>\t\t\t\t<\/div>\n\t\t\t\t<\/div>\n\t\t\t\t\t<\/div>\n\t\t\t\t<\/div>\n\t\t<div class=\"elementor-element elementor-element-1974969 e-flex e-con-boxed e-con e-parent\" data-id=\"1974969\" data-element_type=\"container\">\n\t\t\t\t\t<div class=\"e-con-inner\">\n\t\t\t\t<div class=\"elementor-element elementor-element-74399bee elementor-widget elementor-widget-heading\" data-id=\"74399bee\" data-element_type=\"widget\" data-widget_type=\"heading.default\">\n\t\t\t\t<div class=\"elementor-widget-container\">\n\t\t\t\t\t<h2 class=\"elementor-heading-title elementor-size-default\">Produkter og tjenester  <\/h2>\t\t\t\t<\/div>\n\t\t\t\t<\/div>\n\t\t\t\t\t<\/div>\n\t\t\t\t<\/div>\n\t\t<div class=\"elementor-element elementor-element-349a882c greybox e-flex e-con-boxed e-con e-parent\" data-id=\"349a882c\" data-element_type=\"container\">\n\t\t\t\t\t<div class=\"e-con-inner\">\n\t\t<div class=\"elementor-element elementor-element-15f9d779 e-con-full e-flex e-con e-child\" data-id=\"15f9d779\" data-element_type=\"container\" data-settings=\"{&quot;background_background&quot;:&quot;classic&quot;}\">\n\t\t\t\t<div class=\"elementor-element elementor-element-360d240b elementor-widget elementor-widget-image\" data-id=\"360d240b\" data-element_type=\"widget\" data-widget_type=\"image.default\">\n\t\t\t\t<div class=\"elementor-widget-container\">\n\t\t\t\t\t\t\t\t\t\t\t\t\t\t\t<img fetchpriority=\"high\" decoding=\"async\" width=\"359\" height=\"186\" src=\"https:\/\/hydriawater.com\/wp-content\/uploads\/2024\/05\/rensavskiljning_blue_size-1.png\" class=\"attachment-large size-large wp-image-3198\" alt=\"\" srcset=\"https:\/\/hydriawater.com\/wp-content\/uploads\/2024\/05\/rensavskiljning_blue_size-1.png 359w, https:\/\/hydriawater.com\/wp-content\/uploads\/2024\/05\/rensavskiljning_blue_size-1-300x155.png 300w\" sizes=\"(max-width: 359px) 100vw, 359px\" \/>\t\t\t\t\t\t\t\t\t\t\t\t\t\t\t<\/div>\n\t\t\t\t<\/div>\n\t\t\t\t<div class=\"elementor-element elementor-element-25a621d1 elementor-widget elementor-widget-heading\" data-id=\"25a621d1\" data-element_type=\"widget\" data-widget_type=\"heading.default\">\n\t\t\t\t<div class=\"elementor-widget-container\">\n\t\t\t\t\t<h2 class=\"elementor-heading-title elementor-size-default\">RENSAVSKILLING<\/h2>\t\t\t\t<\/div>\n\t\t\t\t<\/div>\n\t\t\t\t<\/div>\n\t\t<div class=\"elementor-element elementor-element-319b1b35 e-con-full e-flex e-con e-child\" data-id=\"319b1b35\" data-element_type=\"container\" data-settings=\"{&quot;background_background&quot;:&quot;classic&quot;}\">\n\t\t\t\t<div class=\"elementor-element elementor-element-68951183 elementor-widget elementor-widget-image\" data-id=\"68951183\" data-element_type=\"widget\" data-widget_type=\"image.default\">\n\t\t\t\t<div class=\"elementor-widget-container\">\n\t\t\t\t\t\t\t\t\t\t\t\t\t\t\t<img decoding=\"async\" width=\"359\" height=\"186\" src=\"https:\/\/hydriawater.com\/wp-content\/uploads\/2024\/05\/renshantering_blue_size-1.png\" class=\"attachment-large size-large wp-image-3200\" alt=\"\" srcset=\"https:\/\/hydriawater.com\/wp-content\/uploads\/2024\/05\/renshantering_blue_size-1.png 359w, https:\/\/hydriawater.com\/wp-content\/uploads\/2024\/05\/renshantering_blue_size-1-300x155.png 300w\" sizes=\"(max-width: 359px) 100vw, 359px\" \/>\t\t\t\t\t\t\t\t\t\t\t\t\t\t\t<\/div>\n\t\t\t\t<\/div>\n\t\t\t\t<div class=\"elementor-element elementor-element-247613a4 elementor-widget elementor-widget-heading\" data-id=\"247613a4\" data-element_type=\"widget\" data-widget_type=\"heading.default\">\n\t\t\t\t<div class=\"elementor-widget-container\">\n\t\t\t\t\t<h2 class=\"elementor-heading-title elementor-size-default\">RENSH\u00c5NDTERING <\/h2>\t\t\t\t<\/div>\n\t\t\t\t<\/div>\n\t\t\t\t<\/div>\n\t\t<div class=\"elementor-element elementor-element-52d69ab e-con-full e-flex e-con e-child\" data-id=\"52d69ab\" data-element_type=\"container\" data-settings=\"{&quot;background_background&quot;:&quot;classic&quot;}\">\n\t\t\t\t<div class=\"elementor-element elementor-element-795e65df elementor-widget elementor-widget-image\" data-id=\"795e65df\" data-element_type=\"widget\" data-widget_type=\"image.default\">\n\t\t\t\t<div class=\"elementor-widget-container\">\n\t\t\t\t\t\t\t\t\t\t\t\t\t\t\t<img decoding=\"async\" width=\"359\" height=\"186\" src=\"https:\/\/hydriawater.com\/wp-content\/uploads\/2024\/05\/sandhantering_blue_size-1.png\" class=\"attachment-large size-large wp-image-3202\" alt=\"\" srcset=\"https:\/\/hydriawater.com\/wp-content\/uploads\/2024\/05\/sandhantering_blue_size-1.png 359w, https:\/\/hydriawater.com\/wp-content\/uploads\/2024\/05\/sandhantering_blue_size-1-300x155.png 300w\" sizes=\"(max-width: 359px) 100vw, 359px\" \/>\t\t\t\t\t\t\t\t\t\t\t\t\t\t\t<\/div>\n\t\t\t\t<\/div>\n\t\t\t\t<div class=\"elementor-element elementor-element-42a4a640 elementor-widget elementor-widget-heading\" data-id=\"42a4a640\" data-element_type=\"widget\" data-widget_type=\"heading.default\">\n\t\t\t\t<div class=\"elementor-widget-container\">\n\t\t\t\t\t<h2 class=\"elementor-heading-title elementor-size-default\">SANDH\u00c5NDTERING<\/h2>\t\t\t\t<\/div>\n\t\t\t\t<\/div>\n\t\t\t\t<\/div>\n\t\t<div class=\"elementor-element elementor-element-29f9d3c3 e-con-full e-flex e-con e-child\" data-id=\"29f9d3c3\" data-element_type=\"container\" data-settings=\"{&quot;background_background&quot;:&quot;classic&quot;}\">\n\t\t\t\t<div class=\"elementor-element elementor-element-52f36316 elementor-widget elementor-widget-image\" data-id=\"52f36316\" data-element_type=\"widget\" data-widget_type=\"image.default\">\n\t\t\t\t<div class=\"elementor-widget-container\">\n\t\t\t\t\t\t\t\t\t\t\t\t\t\t\t<img loading=\"lazy\" decoding=\"async\" width=\"359\" height=\"186\" src=\"https:\/\/hydriawater.com\/wp-content\/uploads\/2024\/05\/sedimentering_blue_size-1.png\" class=\"attachment-large size-large wp-image-3204\" alt=\"\" srcset=\"https:\/\/hydriawater.com\/wp-content\/uploads\/2024\/05\/sedimentering_blue_size-1.png 359w, https:\/\/hydriawater.com\/wp-content\/uploads\/2024\/05\/sedimentering_blue_size-1-300x155.png 300w\" sizes=\"(max-width: 359px) 100vw, 359px\" \/>\t\t\t\t\t\t\t\t\t\t\t\t\t\t\t<\/div>\n\t\t\t\t<\/div>\n\t\t\t\t<div class=\"elementor-element elementor-element-352c0d26 elementor-widget elementor-widget-heading\" data-id=\"352c0d26\" data-element_type=\"widget\" data-widget_type=\"heading.default\">\n\t\t\t\t<div class=\"elementor-widget-container\">\n\t\t\t\t\t<h2 class=\"elementor-heading-title elementor-size-default\">SEDIMENTERING <\/h2>\t\t\t\t<\/div>\n\t\t\t\t<\/div>\n\t\t\t\t<\/div>\n\t\t\t\t\t<\/div>\n\t\t\t\t<\/div>\n\t\t<div class=\"elementor-element elementor-element-4e86e5d0 greybox e-flex e-con-boxed e-con e-parent\" data-id=\"4e86e5d0\" data-element_type=\"container\" id=\"greyboxlow\">\n\t\t\t\t\t<div class=\"e-con-inner\">\n\t\t<div class=\"elementor-element elementor-element-4bcbe729 e-con-full e-flex e-con e-child\" data-id=\"4bcbe729\" data-element_type=\"container\">\n\t\t\t\t<div class=\"elementor-element elementor-element-5c08b8e5 elementor-widget elementor-widget-text-editor\" data-id=\"5c08b8e5\" data-element_type=\"widget\" data-widget_type=\"text-editor.default\">\n\t\t\t\t<div class=\"elementor-widget-container\">\n\t\t\t\t\t\t\t\t\t<p>R\u00c5DGIVNING <span class=\"Apple-converted-space\">\u00a0<\/span><\/p>\n<p>MONTERING <span class=\"Apple-converted-space\">\u00a0<\/span><\/p>\n<p>SERVICE <span class=\"Apple-converted-space\">\u00a0<\/span><\/p>\n\t\t\t\t\t\t\t\t<\/div>\n\t\t\t\t<\/div>\n\t\t\t\t<\/div>\n\t\t<div class=\"elementor-element elementor-element-67666aee e-con-full e-flex e-con e-child\" data-id=\"67666aee\" data-element_type=\"container\">\n\t\t\t\t<div class=\"elementor-element elementor-element-465195a7 elementor-widget elementor-widget-heading\" data-id=\"465195a7\" data-element_type=\"widget\" data-widget_type=\"heading.default\">\n\t\t\t\t<div class=\"elementor-widget-container\">\n\t\t\t\t\t<h2 class=\"elementor-heading-title elementor-size-default\">55<\/h2>\t\t\t\t<\/div>\n\t\t\t\t<\/div>\n\t\t\t\t<div class=\"elementor-element elementor-element-14e55da9 elementor-widget elementor-widget-heading\" data-id=\"14e55da9\" data-element_type=\"widget\" data-widget_type=\"heading.default\">\n\t\t\t\t<div class=\"elementor-widget-container\">\n\t\t\t\t\t<h2 class=\"elementor-heading-title elementor-size-default\">MEDARBEIDERE <\/h2>\t\t\t\t<\/div>\n\t\t\t\t<\/div>\n\t\t\t\t<\/div>\n\t\t<div class=\"elementor-element elementor-element-552be915 e-con-full e-flex e-con e-child\" data-id=\"552be915\" data-element_type=\"container\">\n\t\t\t\t<div class=\"elementor-element elementor-element-5850e83 elementor-widget elementor-widget-heading\" data-id=\"5850e83\" data-element_type=\"widget\" data-widget_type=\"heading.default\">\n\t\t\t\t<div class=\"elementor-widget-container\">\n\t\t\t\t\t<h2 class=\"elementor-heading-title elementor-size-default\">4<\/h2>\t\t\t\t<\/div>\n\t\t\t\t<\/div>\n\t\t\t\t<div class=\"elementor-element elementor-element-1eee2eb6 elementor-widget elementor-widget-heading\" data-id=\"1eee2eb6\" data-element_type=\"widget\" data-widget_type=\"heading.default\">\n\t\t\t\t<div class=\"elementor-widget-container\">\n\t\t\t\t\t<h2 class=\"elementor-heading-title elementor-size-default\">KONTORER<\/h2>\t\t\t\t<\/div>\n\t\t\t\t<\/div>\n\t\t\t\t<\/div>\n\t\t<div class=\"elementor-element elementor-element-72666ee4 e-con-full e-flex e-con e-child\" data-id=\"72666ee4\" data-element_type=\"container\">\n\t\t\t\t<div class=\"elementor-element elementor-element-3f48a207 elementor-widget elementor-widget-heading\" data-id=\"3f48a207\" data-element_type=\"widget\" data-widget_type=\"heading.default\">\n\t\t\t\t<div class=\"elementor-widget-container\">\n\t\t\t\t\t<h2 class=\"elementor-heading-title elementor-size-default\">1<\/h2>\t\t\t\t<\/div>\n\t\t\t\t<\/div>\n\t\t\t\t<div class=\"elementor-element elementor-element-5869c18b elementor-widget elementor-widget-heading\" data-id=\"5869c18b\" data-element_type=\"widget\" data-widget_type=\"heading.default\">\n\t\t\t\t<div class=\"elementor-widget-container\">\n\t\t\t\t\t<h2 class=\"elementor-heading-title elementor-size-default\">PRODUKSJONSLOKALE<\/h2>\t\t\t\t<\/div>\n\t\t\t\t<\/div>\n\t\t\t\t<\/div>\n\t\t\t\t\t<\/div>\n\t\t\t\t<\/div>\n\t\t<div class=\"elementor-element elementor-element-1f3a7f1e e-flex e-con-boxed e-con e-parent\" data-id=\"1f3a7f1e\" data-element_type=\"container\">\n\t\t\t\t\t<div class=\"e-con-inner\">\n\t\t<div class=\"elementor-element elementor-element-640d1048 e-con-full e-flex e-con e-child\" data-id=\"640d1048\" data-element_type=\"container\">\n\t\t\t\t<div class=\"elementor-element elementor-element-22cf3386 elementor-widget elementor-widget-image\" data-id=\"22cf3386\" data-element_type=\"widget\" data-widget_type=\"image.default\">\n\t\t\t\t<div class=\"elementor-widget-container\">\n\t\t\t\t\t\t\t\t\t\t\t\t\t\t\t<img loading=\"lazy\" decoding=\"async\" width=\"800\" height=\"534\" src=\"https:\/\/hydriawater.com\/wp-content\/uploads\/2024\/05\/hw_vi_omvandlar_1-1024x683.jpg\" class=\"attachment-large size-large wp-image-3820\" alt=\"\" srcset=\"https:\/\/hydriawater.com\/wp-content\/uploads\/2024\/05\/hw_vi_omvandlar_1-1024x683.jpg 1024w, https:\/\/hydriawater.com\/wp-content\/uploads\/2024\/05\/hw_vi_omvandlar_1-300x200.jpg 300w, https:\/\/hydriawater.com\/wp-content\/uploads\/2024\/05\/hw_vi_omvandlar_1-768x512.jpg 768w, https:\/\/hydriawater.com\/wp-content\/uploads\/2024\/05\/hw_vi_omvandlar_1-1536x1024.jpg 1536w, https:\/\/hydriawater.com\/wp-content\/uploads\/2024\/05\/hw_vi_omvandlar_1.jpg 1920w\" sizes=\"(max-width: 800px) 100vw, 800px\" \/>\t\t\t\t\t\t\t\t\t\t\t\t\t\t\t<\/div>\n\t\t\t\t<\/div>\n\t\t\t\t<div class=\"elementor-element elementor-element-7c946fef elementor-widget elementor-widget-image\" data-id=\"7c946fef\" data-element_type=\"widget\" data-widget_type=\"image.default\">\n\t\t\t\t<div class=\"elementor-widget-container\">\n\t\t\t\t\t\t\t\t\t\t\t\t\t\t\t<img loading=\"lazy\" decoding=\"async\" width=\"800\" height=\"534\" src=\"https:\/\/hydriawater.com\/wp-content\/uploads\/2024\/05\/hw_vi_omvandlar_2-1024x683.jpg\" class=\"attachment-large size-large wp-image-3208\" alt=\"\" srcset=\"https:\/\/hydriawater.com\/wp-content\/uploads\/2024\/05\/hw_vi_omvandlar_2-1024x683.jpg 1024w, https:\/\/hydriawater.com\/wp-content\/uploads\/2024\/05\/hw_vi_omvandlar_2-300x200.jpg 300w, https:\/\/hydriawater.com\/wp-content\/uploads\/2024\/05\/hw_vi_omvandlar_2-768x512.jpg 768w, https:\/\/hydriawater.com\/wp-content\/uploads\/2024\/05\/hw_vi_omvandlar_2-1536x1024.jpg 1536w, https:\/\/hydriawater.com\/wp-content\/uploads\/2024\/05\/hw_vi_omvandlar_2.jpg 1920w\" sizes=\"(max-width: 800px) 100vw, 800px\" \/>\t\t\t\t\t\t\t\t\t\t\t\t\t\t\t<\/div>\n\t\t\t\t<\/div>\n\t\t\t\t<\/div>\n\t\t<div class=\"elementor-element elementor-element-9a6d115 e-con-full e-flex e-con e-child\" data-id=\"9a6d115\" data-element_type=\"container\">\n\t\t\t\t<div class=\"elementor-element elementor-element-4e71c9dd historiap elementor-widget elementor-widget-text-editor\" data-id=\"4e71c9dd\" data-element_type=\"widget\" data-widget_type=\"text-editor.default\">\n\t\t\t\t<div class=\"elementor-widget-container\">\n\t\t\t\t\t\t\t\t\tSiden 1960-tallet har vi produsert vannrenseutstyr i egen produksjon. M\u00e5let har alltid v\u00e6rt \u00e5 ligge i forkant og utvikle neste generasjons produkter med fokus p\u00e5 b\u00e6rekraft, ingeni\u00f8rkunst og kvalitet. <span class=\"Apple-converted-space\">\u00a0<\/span>\r\n\r\nI v\u00e5rt moderne produksjonslokale utenfor Bor\u00e5s konstruerer, produserer og utvikler vi utstyr som tilfredsstiller dagens h\u00f8ye krav. <span class=\"Apple-converted-space\">\u00a0<\/span>\r\n\r\nHydria Water er en del av det familieeide industrikonsernet Hydria Group. Sammen med merkevarene Melleg\u00e5rd &#038; Naij og VA Teknik Sweden, som samlet seg under navnet Hydria Water i 2022, har vi utviklet et komplett tilbud for \u00e5 skape en trygg virksom for v\u00e5re kunder. <span class=\"Apple-converted-space\">\u00a0<\/span>\r\n\r\nVi veileder gjennom hele prosessen og leverer produkter og tjenester innen Renseavfall utskilling, ristgodsh\u00e5ndtering, sandh\u00e5ndtering og sedimentering til renseanlegg og installasjoner over hele verden. <span class=\"Apple-converted-space\">\u00a0<\/span>\r\n\r\nV\u00e5re tjenester inkluderer ogs\u00e5 kompetanse innenfor v\u00e5rt brede spekter av l\u00f8sninger, dimensjonering, r\u00e5dgivning, tekniske spesifikasjoner, montering, igangsetting og regelmessig inspeksjon.<span class=\"Apple-converted-space\">\u00a0<\/span>\t\t\t\t\t\t\t\t<\/div>\n\t\t\t\t<\/div>\n\t\t\t\t<\/div>\n\t\t\t\t\t<\/div>\n\t\t\t\t<\/div>\n\t\t\t\t<\/div>\n\t\t","protected":false},"excerpt":{"rendered":"<p>KORT OM OSS VI OMFORMER AVL\u00d8PSVANN TIL EN RESSURS Produkter og tjenester RENSAVSKILLING RENSH\u00c5NDTERING SANDH\u00c5NDTERING SEDIMENTERING R\u00c5DGIVNING \u00a0 MONTERING \u00a0 SERVICE \u00a0 55 MEDARBEIDERE 4 KONTORER 1 PRODUKSJONSLOKALE Siden 1960-tallet har vi produsert vannrenseutstyr i egen produksjon. M\u00e5let har alltid v\u00e6rt \u00e5 ligge i forkant og utvikle neste generasjons produkter med fokus p\u00e5 b\u00e6rekraft, ingeni\u00f8rkunst [&hellip;]<\/p>\n","protected":false},"author":2,"featured_media":3820,"parent":0,"menu_order":0,"comment_status":"closed","ping_status":"closed","template":"","meta":{"_acf_changed":false,"footnotes":""},"class_list":["post-3819","page","type-page","status-publish","has-post-thumbnail","hentry"],"acf":[],"yoast_head":"<!-- This site is optimized with the Yoast SEO plugin v25.9 - https:\/\/yoast.com\/wordpress\/plugins\/seo\/ -->\n<title>Kort om oss &#8211; Hydria Water<\/title>\n<meta name=\"robots\" content=\"index, follow, max-snippet:-1, max-image-preview:large, max-video-preview:-1\" \/>\n<link rel=\"canonical\" href=\"https:\/\/hydriawater.com\/no\/kort-om-oss\/\" \/>\n<meta property=\"og:locale\" content=\"nb_NO\" \/>\n<meta property=\"og:type\" content=\"article\" \/>\n<meta property=\"og:title\" content=\"Kort om oss &#8211; Hydria Water\" \/>\n<meta property=\"og:description\" content=\"KORT OM OSS VI OMFORMER AVL\u00d8PSVANN TIL EN RESSURS Produkter og tjenester RENSAVSKILLING RENSH\u00c5NDTERING SANDH\u00c5NDTERING SEDIMENTERING R\u00c5DGIVNING \u00a0 MONTERING \u00a0 SERVICE \u00a0 55 MEDARBEIDERE 4 KONTORER 1 PRODUKSJONSLOKALE Siden 1960-tallet har vi produsert vannrenseutstyr i egen produksjon. M\u00e5let har alltid v\u00e6rt \u00e5 ligge i forkant og utvikle neste generasjons produkter med fokus p\u00e5 b\u00e6rekraft, ingeni\u00f8rkunst [&hellip;]\" \/>\n<meta property=\"og:url\" content=\"https:\/\/hydriawater.com\/no\/kort-om-oss\/\" \/>\n<meta property=\"og:site_name\" content=\"Hydria Water\" \/>\n<meta property=\"article:modified_time\" content=\"2024-12-18T13:11:41+00:00\" \/>\n<meta property=\"og:image\" content=\"https:\/\/hydriawater.com\/wp-content\/uploads\/2024\/05\/hw_vi_omvandlar_1.jpg\" \/>\n\t<meta property=\"og:image:width\" content=\"1920\" \/>\n\t<meta property=\"og:image:height\" content=\"1280\" \/>\n\t<meta property=\"og:image:type\" content=\"image\/jpeg\" \/>\n<meta name=\"twitter:card\" content=\"summary_large_image\" \/>\n<meta name=\"twitter:label1\" content=\"Est. reading time\" \/>\n\t<meta name=\"twitter:data1\" content=\"1 minute\" \/>\n<script type=\"application\/ld+json\" class=\"yoast-schema-graph\">{\"@context\":\"https:\/\/schema.org\",\"@graph\":[{\"@type\":\"WebPage\",\"@id\":\"https:\/\/hydriawater.com\/no\/kort-om-oss\/\",\"url\":\"https:\/\/hydriawater.com\/no\/kort-om-oss\/\",\"name\":\"Kort om oss &#8211; Hydria Water\",\"isPartOf\":{\"@id\":\"https:\/\/hydriawater.com\/no\/#website\"},\"primaryImageOfPage\":{\"@id\":\"https:\/\/hydriawater.com\/no\/kort-om-oss\/#primaryimage\"},\"image\":{\"@id\":\"https:\/\/hydriawater.com\/no\/kort-om-oss\/#primaryimage\"},\"thumbnailUrl\":\"https:\/\/hydriawater.com\/wp-content\/uploads\/2024\/05\/hw_vi_omvandlar_1.jpg\",\"datePublished\":\"2024-05-27T11:58:14+00:00\",\"dateModified\":\"2024-12-18T13:11:41+00:00\",\"breadcrumb\":{\"@id\":\"https:\/\/hydriawater.com\/no\/kort-om-oss\/#breadcrumb\"},\"inLanguage\":\"nb-NO\",\"potentialAction\":[{\"@type\":\"ReadAction\",\"target\":[\"https:\/\/hydriawater.com\/no\/kort-om-oss\/\"]}]},{\"@type\":\"ImageObject\",\"inLanguage\":\"nb-NO\",\"@id\":\"https:\/\/hydriawater.com\/no\/kort-om-oss\/#primaryimage\",\"url\":\"https:\/\/hydriawater.com\/wp-content\/uploads\/2024\/05\/hw_vi_omvandlar_1.jpg\",\"contentUrl\":\"https:\/\/hydriawater.com\/wp-content\/uploads\/2024\/05\/hw_vi_omvandlar_1.jpg\",\"width\":1920,\"height\":1280},{\"@type\":\"BreadcrumbList\",\"@id\":\"https:\/\/hydriawater.com\/no\/kort-om-oss\/#breadcrumb\",\"itemListElement\":[{\"@type\":\"ListItem\",\"position\":1,\"name\":\"Hjem\",\"item\":\"https:\/\/hydriawater.com\/no\/\"},{\"@type\":\"ListItem\",\"position\":2,\"name\":\"Kort om oss\"}]},{\"@type\":\"WebSite\",\"@id\":\"https:\/\/hydriawater.com\/no\/#website\",\"url\":\"https:\/\/hydriawater.com\/no\/\",\"name\":\"Hydria Water\",\"description\":\"\",\"publisher\":{\"@id\":\"https:\/\/hydriawater.com\/no\/#organization\"},\"potentialAction\":[{\"@type\":\"SearchAction\",\"target\":{\"@type\":\"EntryPoint\",\"urlTemplate\":\"https:\/\/hydriawater.com\/no\/?s={search_term_string}\"},\"query-input\":{\"@type\":\"PropertyValueSpecification\",\"valueRequired\":true,\"valueName\":\"search_term_string\"}}],\"inLanguage\":\"nb-NO\"},{\"@type\":\"Organization\",\"@id\":\"https:\/\/hydriawater.com\/no\/#organization\",\"name\":\"Hydria Water AB\",\"url\":\"https:\/\/hydriawater.com\/no\/\",\"logo\":{\"@type\":\"ImageObject\",\"inLanguage\":\"nb-NO\",\"@id\":\"https:\/\/hydriawater.com\/no\/#\/schema\/logo\/image\/\",\"url\":\"https:\/\/hydriawater.com\/wp-content\/uploads\/2023\/05\/hydriawater_logo_neg.png\",\"contentUrl\":\"https:\/\/hydriawater.com\/wp-content\/uploads\/2023\/05\/hydriawater_logo_neg.png\",\"width\":1426,\"height\":399,\"caption\":\"Hydria Water AB\"},\"image\":{\"@id\":\"https:\/\/hydriawater.com\/no\/#\/schema\/logo\/image\/\"}}]}<\/script>\n<!-- \/ Yoast SEO plugin. -->","yoast_head_json":{"title":"Kort om oss &#8211; Hydria Water","robots":{"index":"index","follow":"follow","max-snippet":"max-snippet:-1","max-image-preview":"max-image-preview:large","max-video-preview":"max-video-preview:-1"},"canonical":"https:\/\/hydriawater.com\/no\/kort-om-oss\/","og_locale":"nb_NO","og_type":"article","og_title":"Kort om oss &#8211; Hydria Water","og_description":"KORT OM OSS VI OMFORMER AVL\u00d8PSVANN TIL EN RESSURS Produkter og tjenester RENSAVSKILLING RENSH\u00c5NDTERING SANDH\u00c5NDTERING SEDIMENTERING R\u00c5DGIVNING \u00a0 MONTERING \u00a0 SERVICE \u00a0 55 MEDARBEIDERE 4 KONTORER 1 PRODUKSJONSLOKALE Siden 1960-tallet har vi produsert vannrenseutstyr i egen produksjon. M\u00e5let har alltid v\u00e6rt \u00e5 ligge i forkant og utvikle neste generasjons produkter med fokus p\u00e5 b\u00e6rekraft, ingeni\u00f8rkunst [&hellip;]","og_url":"https:\/\/hydriawater.com\/no\/kort-om-oss\/","og_site_name":"Hydria Water","article_modified_time":"2024-12-18T13:11:41+00:00","og_image":[{"width":1920,"height":1280,"url":"https:\/\/hydriawater.com\/wp-content\/uploads\/2024\/05\/hw_vi_omvandlar_1.jpg","type":"image\/jpeg"}],"twitter_card":"summary_large_image","twitter_misc":{"Est. reading time":"1 minute"},"schema":{"@context":"https:\/\/schema.org","@graph":[{"@type":"WebPage","@id":"https:\/\/hydriawater.com\/no\/kort-om-oss\/","url":"https:\/\/hydriawater.com\/no\/kort-om-oss\/","name":"Kort om oss &#8211; Hydria Water","isPartOf":{"@id":"https:\/\/hydriawater.com\/no\/#website"},"primaryImageOfPage":{"@id":"https:\/\/hydriawater.com\/no\/kort-om-oss\/#primaryimage"},"image":{"@id":"https:\/\/hydriawater.com\/no\/kort-om-oss\/#primaryimage"},"thumbnailUrl":"https:\/\/hydriawater.com\/wp-content\/uploads\/2024\/05\/hw_vi_omvandlar_1.jpg","datePublished":"2024-05-27T11:58:14+00:00","dateModified":"2024-12-18T13:11:41+00:00","breadcrumb":{"@id":"https:\/\/hydriawater.com\/no\/kort-om-oss\/#breadcrumb"},"inLanguage":"nb-NO","potentialAction":[{"@type":"ReadAction","target":["https:\/\/hydriawater.com\/no\/kort-om-oss\/"]}]},{"@type":"ImageObject","inLanguage":"nb-NO","@id":"https:\/\/hydriawater.com\/no\/kort-om-oss\/#primaryimage","url":"https:\/\/hydriawater.com\/wp-content\/uploads\/2024\/05\/hw_vi_omvandlar_1.jpg","contentUrl":"https:\/\/hydriawater.com\/wp-content\/uploads\/2024\/05\/hw_vi_omvandlar_1.jpg","width":1920,"height":1280},{"@type":"BreadcrumbList","@id":"https:\/\/hydriawater.com\/no\/kort-om-oss\/#breadcrumb","itemListElement":[{"@type":"ListItem","position":1,"name":"Hjem","item":"https:\/\/hydriawater.com\/no\/"},{"@type":"ListItem","position":2,"name":"Kort om oss"}]},{"@type":"WebSite","@id":"https:\/\/hydriawater.com\/no\/#website","url":"https:\/\/hydriawater.com\/no\/","name":"Hydria Water","description":"","publisher":{"@id":"https:\/\/hydriawater.com\/no\/#organization"},"potentialAction":[{"@type":"SearchAction","target":{"@type":"EntryPoint","urlTemplate":"https:\/\/hydriawater.com\/no\/?s={search_term_string}"},"query-input":{"@type":"PropertyValueSpecification","valueRequired":true,"valueName":"search_term_string"}}],"inLanguage":"nb-NO"},{"@type":"Organization","@id":"https:\/\/hydriawater.com\/no\/#organization","name":"Hydria Water AB","url":"https:\/\/hydriawater.com\/no\/","logo":{"@type":"ImageObject","inLanguage":"nb-NO","@id":"https:\/\/hydriawater.com\/no\/#\/schema\/logo\/image\/","url":"https:\/\/hydriawater.com\/wp-content\/uploads\/2023\/05\/hydriawater_logo_neg.png","contentUrl":"https:\/\/hydriawater.com\/wp-content\/uploads\/2023\/05\/hydriawater_logo_neg.png","width":1426,"height":399,"caption":"Hydria Water AB"},"image":{"@id":"https:\/\/hydriawater.com\/no\/#\/schema\/logo\/image\/"}}]}},"_links":{"self":[{"href":"https:\/\/hydriawater.com\/no\/wp-json\/wp\/v2\/pages\/3819","targetHints":{"allow":["GET"]}}],"collection":[{"href":"https:\/\/hydriawater.com\/no\/wp-json\/wp\/v2\/pages"}],"about":[{"href":"https:\/\/hydriawater.com\/no\/wp-json\/wp\/v2\/types\/page"}],"author":[{"embeddable":true,"href":"https:\/\/hydriawater.com\/no\/wp-json\/wp\/v2\/users\/2"}],"replies":[{"embeddable":true,"href":"https:\/\/hydriawater.com\/no\/wp-json\/wp\/v2\/comments?post=3819"}],"version-history":[{"count":5,"href":"https:\/\/hydriawater.com\/no\/wp-json\/wp\/v2\/pages\/3819\/revisions"}],"predecessor-version":[{"id":4124,"href":"https:\/\/hydriawater.com\/no\/wp-json\/wp\/v2\/pages\/3819\/revisions\/4124"}],"wp:featuredmedia":[{"embeddable":true,"href":"https:\/\/hydriawater.com\/no\/wp-json\/wp\/v2\/media\/3820"}],"wp:attachment":[{"href":"https:\/\/hydriawater.com\/no\/wp-json\/wp\/v2\/media?parent=3819"}],"curies":[{"name":"wp","href":"https:\/\/api.w.org\/{rel}","templated":true}]}}