{"id":3853,"date":"2023-09-27T06:56:01","date_gmt":"2023-09-27T04:56:01","guid":{"rendered":"https:\/\/hydriawater.com\/sedimentering\/"},"modified":"2024-09-09T16:01:33","modified_gmt":"2024-09-09T14:01:33","slug":"sedimentering","status":"publish","type":"page","link":"https:\/\/hydriawater.com\/no\/sedimentering\/","title":{"rendered":"Sedimentering"},"content":{"rendered":"\t\t<div data-elementor-type=\"wp-page\" data-elementor-id=\"3853\" class=\"elementor elementor-3853 elementor-1080\" data-elementor-post-type=\"page\">\n\t\t\t\t<div class=\"elementor-element elementor-element-35c178c e-flex e-con-boxed e-con e-parent\" data-id=\"35c178c\" data-element_type=\"container\" data-settings=\"{&quot;background_background&quot;:&quot;classic&quot;}\">\n\t\t\t\t\t<div class=\"e-con-inner\">\n\t\t\t\t<div class=\"elementor-element elementor-element-15253ac0 elementor-widget elementor-widget-heading\" data-id=\"15253ac0\" data-element_type=\"widget\" data-widget_type=\"heading.default\">\n\t\t\t\t<div class=\"elementor-widget-container\">\n\t\t\t\t\t<h2 class=\"elementor-heading-title elementor-size-default\">Sedimentering<\/h2>\t\t\t\t<\/div>\n\t\t\t\t<\/div>\n\t\t\t\t<div class=\"elementor-element elementor-element-720ff684 elementor-widget elementor-widget-heading\" data-id=\"720ff684\" data-element_type=\"widget\" data-widget_type=\"heading.default\">\n\t\t\t\t<div class=\"elementor-widget-container\">\n\t\t\t\t\t<h2 class=\"elementor-heading-title elementor-size-default\">Skillerr<br> slammet <br>fra vannet.<\/h2>\t\t\t\t<\/div>\n\t\t\t\t<\/div>\n\t\t\t\t\t<\/div>\n\t\t\t\t<\/div>\n\t\t<div class=\"elementor-element elementor-element-2948e2cf e-flex e-con-boxed e-con e-parent\" data-id=\"2948e2cf\" data-element_type=\"container\">\n\t\t\t\t\t<div class=\"e-con-inner\">\n\t\t\t\t<div class=\"elementor-element elementor-element-57a51a40 elementor-widget elementor-widget-heading\" data-id=\"57a51a40\" data-element_type=\"widget\" data-widget_type=\"heading.default\">\n\t\t\t\t<div class=\"elementor-widget-container\">\n\t\t\t\t\t<h2 class=\"elementor-heading-title elementor-size-large\">Produkter<\/h2>\t\t\t\t<\/div>\n\t\t\t\t<\/div>\n\t\t\t\t\t<\/div>\n\t\t\t\t<\/div>\n\t\t<div class=\"elementor-element elementor-element-739ce40b e-flex e-con-boxed e-con e-parent\" data-id=\"739ce40b\" data-element_type=\"container\">\n\t\t\t\t\t<div class=\"e-con-inner\">\n\t\t\t\t<div class=\"elementor-element elementor-element-30d1f5bc elementor-pagination-type-bullets elementor-arrows-position-inside elementor-pagination-position-outside elementor-widget elementor-widget-loop-carousel\" data-id=\"30d1f5bc\" data-element_type=\"widget\" data-settings=\"{&quot;template_id&quot;:977,&quot;slides_to_show&quot;:&quot;5&quot;,&quot;image_spacing_custom&quot;:{&quot;unit&quot;:&quot;px&quot;,&quot;size&quot;:0,&quot;sizes&quot;:[]},&quot;_skin&quot;:&quot;post&quot;,&quot;slides_to_show_laptop&quot;:&quot;3&quot;,&quot;slides_to_show_tablet&quot;:&quot;2&quot;,&quot;slides_to_show_mobile&quot;:&quot;1&quot;,&quot;slides_to_scroll&quot;:&quot;1&quot;,&quot;edit_handle_selector&quot;:&quot;.elementor-loop-container&quot;,&quot;autoplay&quot;:&quot;yes&quot;,&quot;autoplay_speed&quot;:5000,&quot;pause_on_hover&quot;:&quot;yes&quot;,&quot;pause_on_interaction&quot;:&quot;yes&quot;,&quot;infinite&quot;:&quot;yes&quot;,&quot;speed&quot;:500,&quot;offset_sides&quot;:&quot;none&quot;,&quot;arrows&quot;:&quot;yes&quot;,&quot;pagination&quot;:&quot;bullets&quot;,&quot;image_spacing_custom_laptop&quot;:{&quot;unit&quot;:&quot;px&quot;,&quot;size&quot;:&quot;&quot;,&quot;sizes&quot;:[]},&quot;image_spacing_custom_tablet&quot;:{&quot;unit&quot;:&quot;px&quot;,&quot;size&quot;:&quot;&quot;,&quot;sizes&quot;:[]},&quot;image_spacing_custom_mobile&quot;:{&quot;unit&quot;:&quot;px&quot;,&quot;size&quot;:&quot;&quot;,&quot;sizes&quot;:[]}}\" data-widget_type=\"loop-carousel.post\">\n\t\t\t\t<div class=\"elementor-widget-container\">\n\t\t\t\t\t\t\t<div class=\"e-loop-nothing-found-message\">\n\t\t<\/div>\n\t\t\t\t\t\t<\/div>\n\t\t\t\t<\/div>\n\t\t\t\t\t<\/div>\n\t\t\t\t<\/div>\n\t\t<div class=\"elementor-element elementor-element-144353ad e-con-full segmenttitle e-flex e-con e-parent\" data-id=\"144353ad\" data-element_type=\"container\" data-settings=\"{&quot;background_background&quot;:&quot;classic&quot;}\">\n\t\t<div class=\"elementor-element elementor-element-3cd8b9d5 e-con-full e-flex e-con e-child\" data-id=\"3cd8b9d5\" data-element_type=\"container\">\n\t\t\t\t<div class=\"elementor-element elementor-element-5b89187 elementor-widget elementor-widget-heading\" data-id=\"5b89187\" data-element_type=\"widget\" data-widget_type=\"heading.default\">\n\t\t\t\t<div class=\"elementor-widget-container\">\n\t\t\t\t\t<h2 class=\"elementor-heading-title elementor-size-default\">Sedimentering<\/h2>\t\t\t\t<\/div>\n\t\t\t\t<\/div>\n\t\t\t\t<div class=\"elementor-element elementor-element-f3967a2 largemobiletitle elementor-widget elementor-widget-heading\" data-id=\"f3967a2\" data-element_type=\"widget\" data-widget_type=\"heading.default\">\n\t\t\t\t<div class=\"elementor-widget-container\">\n\t\t\t\t\t<h2 class=\"elementor-heading-title elementor-size-xl\">Effektive og driftssikre produkter<\/h2>\t\t\t\t<\/div>\n\t\t\t\t<\/div>\n\t\t\t\t<div class=\"elementor-element elementor-element-6c1f9ca8 elementor-widget elementor-widget-text-editor\" data-id=\"6c1f9ca8\" data-element_type=\"widget\" data-widget_type=\"text-editor.default\">\n\t\t\t\t<div class=\"elementor-widget-container\">\n\t\t\t\t\t\t\t\t\t<p>Sedimentering, eller slamavskilling, er det siste trinnet f\u00f8r vannet er klart for biologisk rensing. I dette prosesstrinnet synker partikler med h\u00f8yere tetthet enn vann til bunnen av bassenget, hvor de danner et slam, kalt prim\u00e6rslam. Med hjelp av ulike typer kjedeskraper og skrapesystemer f\u00f8res slammet videre til slamlagre for \u00e5 bli pumpet til slambehandling. Samme maskin kan ogs\u00e5 f\u00f8re flytslam til dekantering. Dersom det er behov for \u00e5 fjerne overflatevann fra sedimenteringsbassenger, finnes det avdragsrenner som alltid dimensjoneres etter kundens eller anleggets spesifikke behov. <span class=\"Apple-converted-space\">\u00a0<\/span><\/p>\n<p>Hydria Water har utviklet flere innovative og effektive produkter for \u00e5 forbedre sedimenteringsprosessen for kommunale s\u00e5 vel som industrielle avl\u00f8psrenseanlegg, papir- og masseindustrien, oljeraffinerier, avsaltingsanlegg og n\u00e6ringsmiddelindustrien. All sedimenteringsutstyr er utviklet for \u00e5 kreve s\u00e5 lite tilsyn som mulig.<span class=\"Apple-converted-space\">\u00a0<\/span><\/p>\n\t\t\t\t\t\t\t\t<\/div>\n\t\t\t\t<\/div>\n\t\t\t\t<\/div>\n\t\t<div class=\"elementor-element elementor-element-566087f8 e-con-full e-flex e-con e-child\" data-id=\"566087f8\" data-element_type=\"container\" data-settings=\"{&quot;background_background&quot;:&quot;classic&quot;}\">\n\t\t\t\t<\/div>\n\t\t\t\t<\/div>\n\t\t<div class=\"elementor-element elementor-element-52972e24 e-con-full segmenttitle e-flex e-con e-parent\" data-id=\"52972e24\" data-element_type=\"container\" data-settings=\"{&quot;background_background&quot;:&quot;classic&quot;}\">\n\t\t<div class=\"elementor-element elementor-element-fa03cac e-con-full e-flex e-con e-child\" data-id=\"fa03cac\" data-element_type=\"container\">\n\t\t\t\t<div class=\"elementor-element elementor-element-38c9ca0f elementor-widget elementor-widget-heading\" data-id=\"38c9ca0f\" data-element_type=\"widget\" data-widget_type=\"heading.default\">\n\t\t\t\t<div class=\"elementor-widget-container\">\n\t\t\t\t\t<h2 class=\"elementor-heading-title elementor-size-default\">TRYGGHETSAVTALE<\/h2>\t\t\t\t<\/div>\n\t\t\t\t<\/div>\n\t\t\t\t<div class=\"elementor-element elementor-element-3f03c270 largemobiletitle elementor-widget elementor-widget-heading\" data-id=\"3f03c270\" data-element_type=\"widget\" data-widget_type=\"heading.default\">\n\t\t\t\t<div class=\"elementor-widget-container\">\n\t\t\t\t\t<h2 class=\"elementor-heading-title elementor-size-xl\">TEGN ET TRYGGHETSAVTALE<\/h2>\t\t\t\t<\/div>\n\t\t\t\t<\/div>\n\t\t\t\t<div class=\"elementor-element elementor-element-684baf31 elementor-widget elementor-widget-text-editor\" data-id=\"684baf31\" data-element_type=\"widget\" data-widget_type=\"text-editor.default\">\n\t\t\t\t<div class=\"elementor-widget-container\">\n\t\t\t\t\t\t\t\t\t<p>Med et Trygghetsavtale er du alltid en prioritert kunde hos oss. V\u00e5re eksperter gjennomf\u00f8rer regelmessig og forebyggende service og vedlikehold p\u00e5 maskinparken din. Dette gir deg trygghet i at utstyret fungerer som det skal. <span class=\"Apple-converted-space\">\u00a0<\/span><\/p>\n\t\t\t\t\t\t\t\t<\/div>\n\t\t\t\t<\/div>\n\t\t\t\t<div class=\"elementor-element elementor-element-732c89b0 elementor-widget elementor-widget-button\" data-id=\"732c89b0\" data-element_type=\"widget\" data-widget_type=\"button.default\">\n\t\t\t\t<div class=\"elementor-widget-container\">\n\t\t\t\t\t\t\t\t\t<div class=\"elementor-button-wrapper\">\n\t\t\t\t\t<a class=\"elementor-button elementor-button-link elementor-size-sm\" href=\"https:\/\/hydriawater.com\/no\/trygghetsavtale\/\">\n\t\t\t\t\t\t<span class=\"elementor-button-content-wrapper\">\n\t\t\t\t\t\t\t\t\t<span class=\"elementor-button-text\">Mer om avtale<\/span>\n\t\t\t\t\t<\/span>\n\t\t\t\t\t<\/a>\n\t\t\t\t<\/div>\n\t\t\t\t\t\t\t\t<\/div>\n\t\t\t\t<\/div>\n\t\t\t\t<\/div>\n\t\t<div class=\"elementor-element elementor-element-7cd1662b e-con-full e-flex e-con e-child\" data-id=\"7cd1662b\" data-element_type=\"container\" data-settings=\"{&quot;background_background&quot;:&quot;classic&quot;}\">\n\t\t\t\t<\/div>\n\t\t\t\t<\/div>\n\t\t<div class=\"elementor-element elementor-element-2fdc0fd1 e-con-full segmenttitle e-flex e-con e-parent\" data-id=\"2fdc0fd1\" data-element_type=\"container\" data-settings=\"{&quot;background_background&quot;:&quot;classic&quot;}\">\n\t\t<div class=\"elementor-element elementor-element-2baf2d7c e-con-full e-flex e-con e-child\" data-id=\"2baf2d7c\" data-element_type=\"container\">\n\t\t\t\t<div class=\"elementor-element elementor-element-2373206a elementor-widget elementor-widget-heading\" data-id=\"2373206a\" data-element_type=\"widget\" data-widget_type=\"heading.default\">\n\t\t\t\t<div class=\"elementor-widget-container\">\n\t\t\t\t\t<h2 class=\"elementor-heading-title elementor-size-default\">Kontakt<\/h2>\t\t\t\t<\/div>\n\t\t\t\t<\/div>\n\t\t\t\t<div class=\"elementor-element elementor-element-701440a9 largemobiletitle elementor-widget elementor-widget-heading\" data-id=\"701440a9\" data-element_type=\"widget\" data-widget_type=\"heading.default\">\n\t\t\t\t<div class=\"elementor-widget-container\">\n\t\t\t\t\t<h2 class=\"elementor-heading-title elementor-size-xl\">Vi er med deg hele veien<\/h2>\t\t\t\t<\/div>\n\t\t\t\t<\/div>\n\t\t\t\t<div class=\"elementor-element elementor-element-494425c7 elementor-widget elementor-widget-text-editor\" data-id=\"494425c7\" data-element_type=\"widget\" data-widget_type=\"text-editor.default\">\n\t\t\t\t<div class=\"elementor-widget-container\">\n\t\t\t\t\t\t\t\t\t<p>Du er alltid velkommen til \u00e5 kontakte oss med dine sp\u00f8rsm\u00e5l. P\u00e5 kontaktsiden finner du informasjon til n\u00f8kkelpersoner i v\u00e5r organisasjon. <span class=\"Apple-converted-space\">\u00a0<\/span><\/p>\n\t\t\t\t\t\t\t\t<\/div>\n\t\t\t\t<\/div>\n\t\t\t\t<div class=\"elementor-element elementor-element-7e20d10f elementor-widget elementor-widget-button\" data-id=\"7e20d10f\" data-element_type=\"widget\" data-widget_type=\"button.default\">\n\t\t\t\t<div class=\"elementor-widget-container\">\n\t\t\t\t\t\t\t\t\t<div class=\"elementor-button-wrapper\">\n\t\t\t\t\t<a class=\"elementor-button elementor-button-link elementor-size-sm\" href=\"https:\/\/hydriawater.com\/no\/kontakt\/\">\n\t\t\t\t\t\t<span class=\"elementor-button-content-wrapper\">\n\t\t\t\t\t\t\t\t\t<span class=\"elementor-button-text\">Kontakt oss<\/span>\n\t\t\t\t\t<\/span>\n\t\t\t\t\t<\/a>\n\t\t\t\t<\/div>\n\t\t\t\t\t\t\t\t<\/div>\n\t\t\t\t<\/div>\n\t\t\t\t<\/div>\n\t\t<div class=\"elementor-element elementor-element-66a998a e-con-full e-flex e-con e-child\" data-id=\"66a998a\" data-element_type=\"container\" data-settings=\"{&quot;background_background&quot;:&quot;classic&quot;}\">\n\t\t\t\t<\/div>\n\t\t\t\t<\/div>\n\t\t\t\t<\/div>\n\t\t","protected":false},"excerpt":{"rendered":"<p>Sedimentering Skillerr slammet fra vannet. Produkter Sedimentering Effektive og driftssikre produkter Sedimentering, eller slamavskilling, er det siste trinnet f\u00f8r vannet er klart for biologisk rensing. I dette prosesstrinnet synker partikler med h\u00f8yere tetthet enn vann til bunnen av bassenget, hvor de danner et slam, kalt prim\u00e6rslam. Med hjelp av ulike typer kjedeskraper og skrapesystemer f\u00f8res [&hellip;]<\/p>\n","protected":false},"author":1,"featured_media":0,"parent":0,"menu_order":0,"comment_status":"closed","ping_status":"closed","template":"","meta":{"_acf_changed":false,"footnotes":""},"class_list":["post-3853","page","type-page","status-publish","hentry"],"acf":[],"yoast_head":"<!-- This site is optimized with the Yoast SEO plugin v25.9 - https:\/\/yoast.com\/wordpress\/plugins\/seo\/ -->\n<title>Sedimentering &#8211; Hydria Water<\/title>\n<meta name=\"robots\" content=\"index, follow, max-snippet:-1, max-image-preview:large, max-video-preview:-1\" \/>\n<link rel=\"canonical\" href=\"https:\/\/hydriawater.com\/no\/sedimentering\/\" \/>\n<meta property=\"og:locale\" content=\"nb_NO\" \/>\n<meta property=\"og:type\" content=\"article\" \/>\n<meta property=\"og:title\" content=\"Sedimentering &#8211; Hydria Water\" \/>\n<meta property=\"og:description\" content=\"Sedimentering Skillerr slammet fra vannet. Produkter Sedimentering Effektive og driftssikre produkter Sedimentering, eller slamavskilling, er det siste trinnet f\u00f8r vannet er klart for biologisk rensing. I dette prosesstrinnet synker partikler med h\u00f8yere tetthet enn vann til bunnen av bassenget, hvor de danner et slam, kalt prim\u00e6rslam. Med hjelp av ulike typer kjedeskraper og skrapesystemer f\u00f8res [&hellip;]\" \/>\n<meta property=\"og:url\" content=\"https:\/\/hydriawater.com\/no\/sedimentering\/\" \/>\n<meta property=\"og:site_name\" content=\"Hydria Water\" \/>\n<meta property=\"article:modified_time\" content=\"2024-09-09T14:01:33+00:00\" \/>\n<meta name=\"twitter:card\" content=\"summary_large_image\" \/>\n<meta name=\"twitter:label1\" content=\"Est. reading time\" \/>\n\t<meta name=\"twitter:data1\" content=\"1 minute\" \/>\n<script type=\"application\/ld+json\" class=\"yoast-schema-graph\">{\"@context\":\"https:\/\/schema.org\",\"@graph\":[{\"@type\":\"WebPage\",\"@id\":\"https:\/\/hydriawater.com\/no\/sedimentering\/\",\"url\":\"https:\/\/hydriawater.com\/no\/sedimentering\/\",\"name\":\"Sedimentering &#8211; Hydria Water\",\"isPartOf\":{\"@id\":\"https:\/\/hydriawater.com\/no\/#website\"},\"datePublished\":\"2023-09-27T04:56:01+00:00\",\"dateModified\":\"2024-09-09T14:01:33+00:00\",\"breadcrumb\":{\"@id\":\"https:\/\/hydriawater.com\/no\/sedimentering\/#breadcrumb\"},\"inLanguage\":\"nb-NO\",\"potentialAction\":[{\"@type\":\"ReadAction\",\"target\":[\"https:\/\/hydriawater.com\/no\/sedimentering\/\"]}]},{\"@type\":\"BreadcrumbList\",\"@id\":\"https:\/\/hydriawater.com\/no\/sedimentering\/#breadcrumb\",\"itemListElement\":[{\"@type\":\"ListItem\",\"position\":1,\"name\":\"Hjem\",\"item\":\"https:\/\/hydriawater.com\/no\/\"},{\"@type\":\"ListItem\",\"position\":2,\"name\":\"Sedimentering\"}]},{\"@type\":\"WebSite\",\"@id\":\"https:\/\/hydriawater.com\/no\/#website\",\"url\":\"https:\/\/hydriawater.com\/no\/\",\"name\":\"Hydria Water\",\"description\":\"\",\"publisher\":{\"@id\":\"https:\/\/hydriawater.com\/no\/#organization\"},\"potentialAction\":[{\"@type\":\"SearchAction\",\"target\":{\"@type\":\"EntryPoint\",\"urlTemplate\":\"https:\/\/hydriawater.com\/no\/?s={search_term_string}\"},\"query-input\":{\"@type\":\"PropertyValueSpecification\",\"valueRequired\":true,\"valueName\":\"search_term_string\"}}],\"inLanguage\":\"nb-NO\"},{\"@type\":\"Organization\",\"@id\":\"https:\/\/hydriawater.com\/no\/#organization\",\"name\":\"Hydria Water AB\",\"url\":\"https:\/\/hydriawater.com\/no\/\",\"logo\":{\"@type\":\"ImageObject\",\"inLanguage\":\"nb-NO\",\"@id\":\"https:\/\/hydriawater.com\/no\/#\/schema\/logo\/image\/\",\"url\":\"https:\/\/hydriawater.com\/wp-content\/uploads\/2023\/05\/hydriawater_logo_neg.png\",\"contentUrl\":\"https:\/\/hydriawater.com\/wp-content\/uploads\/2023\/05\/hydriawater_logo_neg.png\",\"width\":1426,\"height\":399,\"caption\":\"Hydria Water AB\"},\"image\":{\"@id\":\"https:\/\/hydriawater.com\/no\/#\/schema\/logo\/image\/\"}}]}<\/script>\n<!-- \/ Yoast SEO plugin. -->","yoast_head_json":{"title":"Sedimentering &#8211; Hydria Water","robots":{"index":"index","follow":"follow","max-snippet":"max-snippet:-1","max-image-preview":"max-image-preview:large","max-video-preview":"max-video-preview:-1"},"canonical":"https:\/\/hydriawater.com\/no\/sedimentering\/","og_locale":"nb_NO","og_type":"article","og_title":"Sedimentering &#8211; Hydria Water","og_description":"Sedimentering Skillerr slammet fra vannet. Produkter Sedimentering Effektive og driftssikre produkter Sedimentering, eller slamavskilling, er det siste trinnet f\u00f8r vannet er klart for biologisk rensing. I dette prosesstrinnet synker partikler med h\u00f8yere tetthet enn vann til bunnen av bassenget, hvor de danner et slam, kalt prim\u00e6rslam. Med hjelp av ulike typer kjedeskraper og skrapesystemer f\u00f8res [&hellip;]","og_url":"https:\/\/hydriawater.com\/no\/sedimentering\/","og_site_name":"Hydria Water","article_modified_time":"2024-09-09T14:01:33+00:00","twitter_card":"summary_large_image","twitter_misc":{"Est. reading time":"1 minute"},"schema":{"@context":"https:\/\/schema.org","@graph":[{"@type":"WebPage","@id":"https:\/\/hydriawater.com\/no\/sedimentering\/","url":"https:\/\/hydriawater.com\/no\/sedimentering\/","name":"Sedimentering &#8211; Hydria Water","isPartOf":{"@id":"https:\/\/hydriawater.com\/no\/#website"},"datePublished":"2023-09-27T04:56:01+00:00","dateModified":"2024-09-09T14:01:33+00:00","breadcrumb":{"@id":"https:\/\/hydriawater.com\/no\/sedimentering\/#breadcrumb"},"inLanguage":"nb-NO","potentialAction":[{"@type":"ReadAction","target":["https:\/\/hydriawater.com\/no\/sedimentering\/"]}]},{"@type":"BreadcrumbList","@id":"https:\/\/hydriawater.com\/no\/sedimentering\/#breadcrumb","itemListElement":[{"@type":"ListItem","position":1,"name":"Hjem","item":"https:\/\/hydriawater.com\/no\/"},{"@type":"ListItem","position":2,"name":"Sedimentering"}]},{"@type":"WebSite","@id":"https:\/\/hydriawater.com\/no\/#website","url":"https:\/\/hydriawater.com\/no\/","name":"Hydria Water","description":"","publisher":{"@id":"https:\/\/hydriawater.com\/no\/#organization"},"potentialAction":[{"@type":"SearchAction","target":{"@type":"EntryPoint","urlTemplate":"https:\/\/hydriawater.com\/no\/?s={search_term_string}"},"query-input":{"@type":"PropertyValueSpecification","valueRequired":true,"valueName":"search_term_string"}}],"inLanguage":"nb-NO"},{"@type":"Organization","@id":"https:\/\/hydriawater.com\/no\/#organization","name":"Hydria Water AB","url":"https:\/\/hydriawater.com\/no\/","logo":{"@type":"ImageObject","inLanguage":"nb-NO","@id":"https:\/\/hydriawater.com\/no\/#\/schema\/logo\/image\/","url":"https:\/\/hydriawater.com\/wp-content\/uploads\/2023\/05\/hydriawater_logo_neg.png","contentUrl":"https:\/\/hydriawater.com\/wp-content\/uploads\/2023\/05\/hydriawater_logo_neg.png","width":1426,"height":399,"caption":"Hydria Water AB"},"image":{"@id":"https:\/\/hydriawater.com\/no\/#\/schema\/logo\/image\/"}}]}},"_links":{"self":[{"href":"https:\/\/hydriawater.com\/no\/wp-json\/wp\/v2\/pages\/3853","targetHints":{"allow":["GET"]}}],"collection":[{"href":"https:\/\/hydriawater.com\/no\/wp-json\/wp\/v2\/pages"}],"about":[{"href":"https:\/\/hydriawater.com\/no\/wp-json\/wp\/v2\/types\/page"}],"author":[{"embeddable":true,"href":"https:\/\/hydriawater.com\/no\/wp-json\/wp\/v2\/users\/1"}],"replies":[{"embeddable":true,"href":"https:\/\/hydriawater.com\/no\/wp-json\/wp\/v2\/comments?post=3853"}],"version-history":[{"count":5,"href":"https:\/\/hydriawater.com\/no\/wp-json\/wp\/v2\/pages\/3853\/revisions"}],"predecessor-version":[{"id":3895,"href":"https:\/\/hydriawater.com\/no\/wp-json\/wp\/v2\/pages\/3853\/revisions\/3895"}],"wp:attachment":[{"href":"https:\/\/hydriawater.com\/no\/wp-json\/wp\/v2\/media?parent=3853"}],"curies":[{"name":"wp","href":"https:\/\/api.w.org\/{rel}","templated":true}]}}